{"id":7817,"date":"2025-01-29T13:44:38","date_gmt":"2025-01-29T12:44:38","guid":{"rendered":"https:\/\/lucid-fermi.217-18-163-79.plesk.page\/versand-und-rueckgabe\/"},"modified":"2026-01-31T00:26:45","modified_gmt":"2026-01-30T23:26:45","slug":"versand-und-rueckgabe","status":"publish","type":"page","link":"https:\/\/soniapena.com\/de\/versand-und-rueckgabe\/","title":{"rendered":"Versand und R\u00fcckgabe"},"content":{"rendered":"\t\t<div data-elementor-type=\"wp-page\" data-elementor-id=\"7817\" class=\"elementor elementor-7817 elementor-1153\" data-elementor-post-type=\"page\">\n\t\t\t\t\t\t<\/div>\n\t\t","protected":false},"excerpt":{"rendered":"<p>Versand und R\u00fcckgabe Versand Sobald die Bestellung aufgegeben wurde, betr\u00e4gt die Lieferzeit an die gew\u00fcnschte Adresse auf dem spanischen Festland und den Balearen 1 bis 3 Arbeitstage. *Die Lieferzeiten k\u00f6nnen je nach Feiertagen wie Weihnachten, Ostern oder Black Friday variieren. Der Versand ist f\u00fcr die Iberische Halbinsel und die Balearen kostenlos. Wir versenden nicht auf [&hellip;]<\/p>\n","protected":false},"author":1,"featured_media":0,"parent":0,"menu_order":0,"comment_status":"closed","ping_status":"closed","template":"","meta":{"_joinchat":[],"footnotes":""},"class_list":["post-7817","page","type-page","status-publish","hentry"],"_links":{"self":[{"href":"https:\/\/soniapena.com\/de\/wp-json\/wp\/v2\/pages\/7817","targetHints":{"allow":["GET"]}}],"collection":[{"href":"https:\/\/soniapena.com\/de\/wp-json\/wp\/v2\/pages"}],"about":[{"href":"https:\/\/soniapena.com\/de\/wp-json\/wp\/v2\/types\/page"}],"author":[{"embeddable":true,"href":"https:\/\/soniapena.com\/de\/wp-json\/wp\/v2\/users\/1"}],"replies":[{"embeddable":true,"href":"https:\/\/soniapena.com\/de\/wp-json\/wp\/v2\/comments?post=7817"}],"version-history":[{"count":3,"href":"https:\/\/soniapena.com\/de\/wp-json\/wp\/v2\/pages\/7817\/revisions"}],"predecessor-version":[{"id":17149,"href":"https:\/\/soniapena.com\/de\/wp-json\/wp\/v2\/pages\/7817\/revisions\/17149"}],"wp:attachment":[{"href":"https:\/\/soniapena.com\/de\/wp-json\/wp\/v2\/media?parent=7817"}],"curies":[{"name":"wp","href":"https:\/\/api.w.org\/{rel}","templated":true}]}}