{"id":7852,"date":"2025-01-29T13:00:08","date_gmt":"2025-01-29T12:00:08","guid":{"rendered":"https:\/\/lucid-fermi.217-18-163-79.plesk.page\/rechtlicher-hinweis\/"},"modified":"2026-01-31T00:26:36","modified_gmt":"2026-01-30T23:26:36","slug":"rechtlicher-hinweis","status":"publish","type":"page","link":"https:\/\/soniapena.com\/de\/rechtlicher-hinweis\/","title":{"rendered":"Rechtlicher Hinweis"},"content":{"rendered":"\t\t<div data-elementor-type=\"wp-page\" data-elementor-id=\"7852\" class=\"elementor elementor-7852 elementor-1114\" data-elementor-post-type=\"page\">\n\t\t\t\t<div class=\"elementor-element elementor-element-4510955a e-flex e-con-boxed e-con e-parent\" data-id=\"4510955a\" data-element_type=\"container\" data-e-type=\"container\">\n\t\t\t\t\t<div class=\"e-con-inner\">\n\t\t\t\t<div class=\"elementor-element elementor-element-3bc039d elementor-widget elementor-widget-heading\" data-id=\"3bc039d\" data-element_type=\"widget\" data-e-type=\"widget\" data-widget_type=\"heading.default\">\n\t\t\t\t<div class=\"elementor-widget-container\">\n\t\t\t\t\t<h2 class=\"elementor-heading-title elementor-size-default\">Rechtlicher Hinweis<\/h2>\t\t\t\t<\/div>\n\t\t\t\t<\/div>\n\t\t\t\t<div class=\"elementor-element elementor-element-6b7f8620 elementor-widget elementor-widget-text-editor\" data-id=\"6b7f8620\" data-element_type=\"widget\" data-e-type=\"widget\" data-widget_type=\"text-editor.default\">\n\t\t\t\t<div class=\"elementor-widget-container\">\n\t\t\t\t\t\t\t\t\t\n<p><strong>RECHTLICHER HINWEIS UND ALLGEMEINE NUTZUNGSBEDINGUNGEN<\/strong><\/p>\n\n<p><strong>I. ALLGEMEINE INFORMATIONEN<\/strong><\/p>\n\n<p>Gem\u00e4\u00df der Informationspflicht, die im Gesetz 34\/2002 \u00fcber die Dienste der Informationsgesellschaft und den elektronischen Handel (LSSI-CE) vom 11. Juli festgelegt ist, finden Sie im Folgenden allgemeine Informationen zu dieser Website:<\/p>\n\n<p>Eigent\u00fcmer dieser Website <strong>www.soniapena.com<\/strong>(im Folgenden Website) ist: <strong>Sonia Pe\u00f1a S.A.U.<\/strong>, mit der NIF: <strong>A29154846<\/strong>, und deren Kontaktdaten lauten:<\/p>\n\n<p>Adresse:  <strong>C\/ Concepci\u00f3n Arenal, 27. 29004 M\u00e1laga <\/strong><\/p>\n\n<p>Kontakt-Telefonnummer: <strong>+34 952 240 368<\/strong><\/p>\n\n<p>Kontakt E-Mail: <strong>info@soniapena.com<\/strong><\/p>\n\n<p><strong>II. ALLGEMEINE NUTZUNGSBEDINGUNGEN <\/strong><\/p>\n\n<p><strong>&#8211; Der Gegenstand der Bedingungen und Konditionen: Die Website<\/strong><\/p>\n\n<p>Zweck dieser Allgemeinen Nutzungsbedingungen (im Folgenden Bedingungen) ist es, den Zugang zu und die Nutzung der Website zu regeln. Im Sinne dieser Allgemeinen Nutzungsbedingungen sind unter der Website zu verstehen: das \u00e4u\u00dfere Erscheinungsbild der Bildschirmoberfl\u00e4chen, sowohl statisch als auch dynamisch, d.h. der Navigationsbaum; und alle Elemente, die sowohl in die Bildschirmoberfl\u00e4chen als auch in den Navigationsbaum integriert sind (im Folgenden: Inhalt) sowie alle Online-Dienste oder Ressourcen, die den Nutzern angeboten werden k\u00f6nnen (im Folgenden: Dienste). <\/p>\n\n<p>Sonia Pe\u00f1a S.A.U. beh\u00e4lt sich das Recht vor, jederzeit und ohne vorherige Ank\u00fcndigung die Pr\u00e4sentation und Konfiguration der Website sowie die darin enthaltenen Inhalte und Dienstleistungen zu \u00e4ndern. Der Nutzer erkennt an und akzeptiert, dass Sonia Pe\u00f1a S.A.U. jederzeit jedes dieser Elemente der Website oder den Zugang zu ihnen unterbrechen, deaktivieren und\/oder l\u00f6schen kann. <\/p>\n\n<p>Der Zugriff des Nutzers auf die Website ist kostenlos und erfolgt in der Regel unentgeltlich, ohne dass der Nutzer daf\u00fcr eine Gegenleistung erbringen muss, mit Ausnahme der Kosten f\u00fcr die Verbindung \u00fcber das Telekommunikationsnetz, die von dem vom Nutzer beauftragten Zugangsanbieter bereitgestellt werden.<\/p>\n\n<p>Abgesehen von den Kosten f\u00fcr die Verbindung \u00fcber das Telekommunikationsnetz, die vom Zugangsanbieter bereitgestellt und vom Nutzer vertraglich vereinbart werden, k\u00f6nnen einige der von Sonia Pe\u00f1a S.A.U. oder gegebenenfalls von Dritten \u00fcber die Website angebotenen Inhalte oder Dienstleistungen einer vorherigen vertraglichen Vereinbarung \u00fcber den Inhalt oder die Dienstleistung unterliegen; in diesem Fall werden die entsprechenden Allgemeinen oder Besonderen Bedingungen, die dies regeln, deutlich angegeben und\/oder dem Nutzer zur Verf\u00fcgung gestellt.<\/p>\n\n<p>Die Nutzung der Inhalte oder Dienste der Website kann durch ein vorheriges Abonnement oder eine Registrierung des Nutzers erfolgen.<\/p>\n\n<p>F\u00fcr die Nutzung der Inhalte ist keine vorherige Anmeldung oder Registrierung erforderlich.<\/p>\n\n<p><strong>&#8211; Der Benutzer<\/strong><\/p>\n\n<p>Der Zugang, das Durchsuchen und die Nutzung der Website sowie der f\u00fcr die Interaktion zwischen den Nutzern und zwischen dem Nutzer und Sonia Pe\u00f1a S.A.U. zur Verf\u00fcgung gestellten Bereiche, wie z.B. Kommentare und\/oder Blogging-Bereiche, verleihen dem Nutzer die Eigenschaft eines Nutzers, und daher akzeptiert der Nutzer von dem Moment an, in dem er auf der Website surft, alle hier festgelegten Bedingungen sowie deren sp\u00e4tere \u00c4nderungen, unbeschadet der Anwendung der entsprechenden gesetzlichen Bestimmungen, die gegebenenfalls zwingend einzuhalten sind. In Anbetracht der Relevanz des Vorstehenden wird dem Benutzer empfohlen, sie bei jedem Besuch der Website zu lesen. <\/p>\n\n<p>Die Website von Sonia Pe\u00f1a S.A.U. bietet ein breites Spektrum an Informationen, Dienstleistungen und Daten. Der Benutzer \u00fcbernimmt die Verantwortung f\u00fcr die korrekte Nutzung der Website. Diese Verantwortung erstreckt sich auf:  <\/p>\n\n<ul class=\"wp-block-list\">\n<li>Jegliche Nutzung der von Sonia Pe\u00f1a S.A.U. angebotenen Informationen, Inhalte und\/oder Dienstleistungen und Daten, die gegen die Bestimmungen dieser Bedingungen, das Gesetz, die Moral oder die \u00f6ffentliche Ordnung verst\u00f6\u00dft oder in sonstiger Weise die Rechte Dritter oder den Betrieb der Website verletzen k\u00f6nnte.<\/li>\n\n<li>Die Wahrhaftigkeit und Rechtm\u00e4\u00dfigkeit der Informationen, die der Nutzer in den von Sonia Pe\u00f1a S.A.U. zur Verf\u00fcgung gestellten Formularen f\u00fcr den Zugang zu bestimmten auf der Website angebotenen Inhalten oder Dienstleistungen angibt. In jedem Fall ist der Nutzer verpflichtet, Sonia Pe\u00f1a S.A.U. unverz\u00fcglich \u00fcber jedes Ereignis zu informieren, das eine missbr\u00e4uchliche Verwendung der in den genannten Formularen eingetragenen Informationen erm\u00f6glicht, wie z.B. Diebstahl, Verlust oder unbefugter Zugriff auf Kennungen und\/oder Passw\u00f6rter, um deren sofortige L\u00f6schung zu veranlassen. <\/li>\n<\/ul>\n\n<p>Sonia Pe\u00f1a S.A.U. beh\u00e4lt sich das Recht vor, alle Kommentare und Beitr\u00e4ge zu entfernen, die gegen das Gesetz, die Achtung der W\u00fcrde der Person versto\u00dfen, die diskriminierend, fremdenfeindlich, rassistisch, pornografisch oder spammend sind, die die Jugend oder das Kindesalter, die \u00f6ffentliche Ordnung oder Sicherheit bedrohen oder die ihrer Meinung nach nicht zur Ver\u00f6ffentlichung geeignet sind.<\/p>\n\n<p>In jedem Fall ist Sonia Pe\u00f1a S.A.U. nicht f\u00fcr die Meinungen verantwortlich, die von Nutzern in Kommentaren oder anderen Blogging- oder Partizipations-Tools ge\u00e4u\u00dfert werden, die verf\u00fcgbar sind.<\/p>\n\n<p>Der blo\u00dfe Zugriff auf diese Website impliziert keine Art von Gesch\u00e4ftsbeziehung zwischen Sonia Pe\u00f1a S.A.U. und dem Benutzer.<\/p>\n\n<p>Der Benutzer erkl\u00e4rt, dass er vollj\u00e4hrig und ausreichend gesch\u00e4ftsf\u00e4hig ist, um an diese Bedingungen gebunden zu sein. Daher ist diese Website von Sonia Pe\u00f1a S.A.U. nicht f\u00fcr Minderj\u00e4hrige bestimmt. Sonia Pe\u00f1a S.A.U. lehnt jede Verantwortung f\u00fcr die Nichteinhaltung dieser Anforderung ab.  <\/p>\n\n<p>In \u00dcbereinstimmung mit der geltenden Gesetzgebung richtet sich diese Website von Sonia Pe\u00f1a S.A.U. an alle Personen, unabh\u00e4ngig von ihrem Alter, die auf die Seiten der Website zugreifen und\/oder diese durchsuchen k\u00f6nnen.<\/p>\n\n<p>Die Website ist in erster Linie f\u00fcr Benutzer mit Wohnsitz in Spanien bestimmt. Sonia Pe\u00f1a S.A.U. gibt keine Zusicherung, dass die Website ganz oder teilweise mit den Gesetzen anderer L\u00e4nder \u00fcbereinstimmt. Wenn der Nutzer an einem anderen Ort wohnt oder seinen Wohnsitz hat und beschlie\u00dft, auf die Website zuzugreifen und\/oder sie zu durchsuchen, tut er dies auf eigene Verantwortung und muss sicherstellen, dass dieser Zugriff und das Durchsuchen mit der geltenden lokalen Gesetzgebung \u00fcbereinstimmen, und Sonia Pe\u00f1a S.A.U. \u00fcbernimmt keinerlei Haftung, die sich aus einem solchen Zugriff ergeben k\u00f6nnte.  <\/p>\n\n<p><strong>III. ZUGANG UND NAVIGATION AUF DER WEBSITE: AUSSCHLUSS VON GARANTIEN UND HAFTUNG <\/strong><\/p>\n\n<p>Sonia Pe\u00f1a S.A.U. \u00fcbernimmt keine Garantie f\u00fcr die Kontinuit\u00e4t, die Verf\u00fcgbarkeit und die N\u00fctzlichkeit der Website oder der Inhalte oder Dienstleistungen. Sonia Pe\u00f1a S.A.U. wird alle Anstrengungen unternehmen, um das ordnungsgem\u00e4\u00dfe Funktionieren der Website zu gew\u00e4hrleisten, ist jedoch nicht daf\u00fcr verantwortlich und garantiert nicht, dass der Zugang zu dieser Website ununterbrochen oder fehlerfrei ist. <\/p>\n\n<p>Sonia Pe\u00f1a S.A.U. \u00fcbernimmt auch keine Verantwortung oder Garantie daf\u00fcr, dass der Inhalt oder die Software, auf die \u00fcber diese Website zugegriffen werden kann, frei von Fehlern ist oder Sch\u00e4den am Computersystem (Software und Hardware) des Benutzers verursacht. Sonia Pe\u00f1a S.A.U. haftet unter keinen Umst\u00e4nden f\u00fcr Verluste, Sch\u00e4den oder Beeintr\u00e4chtigungen jeglicher Art, die sich aus dem Zugriff auf die Website, dem Browsen und der Nutzung der Website ergeben, einschlie\u00dflich, aber nicht beschr\u00e4nkt auf Sch\u00e4den an Computersystemen oder Sch\u00e4den, die durch die Einf\u00fchrung von Viren verursacht werden. <\/p>\n\n<p>Sonia Pe\u00f1a S.A.U. \u00fcbernimmt auch keine Haftung f\u00fcr Sch\u00e4den, die den Nutzern durch eine unsachgem\u00e4\u00dfe Nutzung dieser Website entstehen k\u00f6nnen. Insbesondere haftet Sonia Pe\u00f1a S.A.U. in keiner Weise f\u00fcr eventuell auftretende Telekommunikationsausf\u00e4lle, Unterbrechungen, St\u00f6rungen oder Defekte. <\/p>\n\n<p><strong>IV. VERKN\u00dcPFUNGSPOLITIK <\/strong><\/p>\n\n<p>Die Website von Sonia Pe\u00f1a S.A.U. stellt den Nutzern Links (wie z.B. Links, Banner, Schaltfl\u00e4chen), Verzeichnisse und Suchmaschinen zur Verf\u00fcgung, die es den Nutzern erm\u00f6glichen, auf Websites zuzugreifen, die Dritten geh\u00f6ren und\/oder von diesen verwaltet werden, oder kann dies tun.<\/p>\n\n<p>Die Einrichtung dieser Links, Verzeichnisse und Suchmaschinen auf der Website soll den Nutzern die Suche nach und den Zugang zu den im Internet verf\u00fcgbaren Informationen erleichtern und darf nicht als Vorschlag, Empfehlung oder Aufforderung zum Besuch dieser Websites angesehen werden.<\/p>\n\n<p>Sonia Pe\u00f1a S.A.U. bietet die auf diesen verlinkten Seiten verf\u00fcgbaren Produkte und\/oder Dienstleistungen weder selbst noch \u00fcber Dritte an oder vermarktet sie.<\/p>\n\n<p>Sonia Pe\u00f1a S.A.U. bietet gesponserte Inhalte, Werbung und\/oder Partnerlinks an. Die Informationen, die in diesen Affiliate-Links oder den eingef\u00fcgten Anzeigen erscheinen, werden von den Inserenten selbst zur Verf\u00fcgung gestellt. Daher \u00fcbernimmt Sonia Pe\u00f1a S.A.U. keine Verantwortung f\u00fcr eventuelle Ungenauigkeiten oder Fehler, die in den Anzeigen enthalten sein k\u00f6nnten, und garantiert auch in keiner Weise die Erfahrung, Integrit\u00e4t oder Verantwortung der Inserenten oder die Qualit\u00e4t ihrer Produkte und\/oder Dienstleistungen. <\/p>\n\n<p>Sie \u00fcbernimmt auch keine Garantie f\u00fcr die technische Verf\u00fcgbarkeit, Genauigkeit, Richtigkeit, G\u00fcltigkeit oder Rechtm\u00e4\u00dfigkeit von Websites, die nicht in ihrem Besitz sind und auf die Sie \u00fcber die Links zugreifen k\u00f6nnen.<\/p>\n\n<p>Sonia Pe\u00f1a S.A.U. \u00fcberpr\u00fcft oder kontrolliert unter keinen Umst\u00e4nden den Inhalt anderer Websites, noch billigt, pr\u00fcft oder unterst\u00fctzt sie die Produkte und Dienstleistungen, Inhalte, Dateien und jegliches andere Material, das auf den vorgenannten verlinkten Websites vorhanden ist.<\/p>\n\n<p>Sonia Pe\u00f1a S.A.U. \u00fcbernimmt keine Haftung f\u00fcr Sch\u00e4den, die aus dem Zugang, der Nutzung, der Qualit\u00e4t oder der Rechtm\u00e4\u00dfigkeit der Inhalte, Mitteilungen, Meinungen, Produkte und Dienstleistungen von Websites entstehen, die nicht von Sonia Pe\u00f1a S.A.U. verwaltet werden und die mit dieser Website verlinkt sind.<\/p>\n\n<p>Benutzer oder Dritte, die einen Hyperlink von einer Webseite einer anderen Website auf die Website von Sonia Pe\u00f1a S.A.U. setzen, m\u00fcssen sich dessen bewusst sein:<\/p>\n\n<p>Keiner der Inhalte und\/oder Dienstleistungen der Website darf ohne die ausdr\u00fcckliche Genehmigung von Sonia Pe\u00f1a S.A.U. ganz oder teilweise reproduziert werden.<\/p>\n\n<p>Es d\u00fcrfen keine falschen, ungenauen oder inkorrekten Aussagen \u00fcber die Website von Sonia Pe\u00f1a S.A.U. oder \u00fcber deren Inhalt und\/oder Dienstleistungen gemacht werden.<\/p>\n\n<p>Mit Ausnahme des Hyperlinks darf die Website, auf der der Hyperlink eingerichtet wird, keine Elemente dieser Website enthalten, die nach spanischem Recht als geistiges Eigentum gesch\u00fctzt sind, es sei denn, dies wird von Sonia Pe\u00f1a S.A.U. ausdr\u00fccklich genehmigt.<\/p>\n\n<p>Die Einrichtung des Hyperlinks impliziert weder das Bestehen einer Beziehung zwischen Sonia Pe\u00f1a S.A.U. und dem Eigent\u00fcmer der Website, von der er ausgeht, noch die Kenntnis und Akzeptanz der auf der besagten Website angebotenen Inhalte, Dienstleistungen und\/oder Aktivit\u00e4ten durch Sonia Pe\u00f1a S.A.U. und vice versa.<\/p>\n\n<p><strong>V. GEISTIGES UND GEWERBLICHES EIGENTUM<\/strong><\/p>\n\n<p>Sonia Pe\u00f1a S.A.U. ist selbst oder als Rechtsnachfolgerin Eigent\u00fcmerin aller geistigen und gewerblichen Eigentumsrechte an der Website sowie an den darin enthaltenen Elementen (einschlie\u00dflich, aber nicht beschr\u00e4nkt auf Bilder, Ton, Audio, Video, Software oder Texte, Marken oder Logos, Farbkombinationen, Struktur und Design, Auswahl der verwendeten Materialien, Computerprogramme, die f\u00fcr den Betrieb, den Zugang und die Nutzung erforderlich sind, usw.). Es handelt sich also um Werke, die durch das spanische Rechtssystem als geistiges Eigentum gesch\u00fctzt sind, da auf sie sowohl die spanischen und gemeinschaftlichen Vorschriften in diesem Bereich als auch die von Spanien unterzeichneten internationalen Vertr\u00e4ge in diesem Bereich anwendbar sind. <\/p>\n\n<p>Alle Rechte vorbehalten. Gem\u00e4\u00df den Bestimmungen des Gesetzes zum Schutz des geistigen Eigentums sind die Vervielf\u00e4ltigung, die Verbreitung und die \u00f6ffentliche Wiedergabe, einschlie\u00dflich der Zurverf\u00fcgungstellung, des gesamten oder eines Teils des Inhalts dieser Website zu kommerziellen Zwecken, auf jedem Medium und mit jedem technischen Mittel ohne die Genehmigung von Sonia Pe\u00f1a S.A.U. ausdr\u00fccklich verboten. <\/p>\n\n<p>Der Benutzer verpflichtet sich, die geistigen und gewerblichen Eigentumsrechte von Sonia Pe\u00f1a S.A.U. zu respektieren. Sie d\u00fcrfen die Elemente der Website ansehen oder sogar ausdrucken, kopieren und auf der Festplatte Ihres Computers oder auf einem anderen physischen Medium speichern, vorausgesetzt, dies geschieht ausschlie\u00dflich zu Ihrem pers\u00f6nlichen Gebrauch. Der Benutzer darf jedoch keine auf der Website installierten Schutzvorrichtungen oder Sicherheitssysteme entfernen, ver\u00e4ndern oder manipulieren.  <\/p>\n\n<p>Sollte der Nutzer oder ein Dritter der Ansicht sein, dass ein Inhalt der Website Schutzrechte f\u00fcr geistiges Eigentum verletzt, muss er Sonia Pe\u00f1a S.A.U. unverz\u00fcglich unter Verwendung der Kontaktdaten im Abschnitt ALLGEMEINE INFORMATIONEN dieser Rechtlichen Hinweise und Allgemeinen Nutzungsbedingungen informieren.<\/p>\n\n<p><strong>VI. GERICHTSVERFAHREN, ANWENDBARES RECHT UND GERICHTSBARKEIT <\/strong><\/p>\n\n<p>Sonia Pe\u00f1a S.A.U. beh\u00e4lt sich das Recht vor, jede zivil- oder strafrechtliche Klage zu erheben, die sie f\u00fcr eine missbr\u00e4uchliche Nutzung der Website und ihrer Inhalte oder f\u00fcr einen Versto\u00df gegen diese Bedingungen f\u00fcr notwendig erachtet.<\/p>\n\n<p>Die Beziehung zwischen dem Benutzer und Sonia Pe\u00f1a S.A.U. unterliegt den geltenden und auf spanischem Gebiet anwendbaren Vorschriften. Im Falle von Streitigkeiten in Bezug auf die Auslegung und\/oder Anwendung dieser Bedingungen unterwerfen die Parteien ihre Streitigkeiten der ordentlichen Gerichtsbarkeit der Gerichte, die dem Gesetz entsprechen. <\/p>\n\t\t\t\t\t\t\t\t<\/div>\n\t\t\t\t<\/div>\n\t\t\t\t\t<\/div>\n\t\t\t\t<\/div>\n\t\t\t\t<\/div>\n\t\t","protected":false},"excerpt":{"rendered":"<p>Rechtlicher Hinweis RECHTLICHER HINWEIS UND ALLGEMEINE NUTZUNGSBEDINGUNGEN I. ALLGEMEINE INFORMATIONEN Gem\u00e4\u00df der Informationspflicht, die im Gesetz 34\/2002 \u00fcber die Dienste der Informationsgesellschaft und den elektronischen Handel (LSSI-CE) vom 11. Juli festgelegt ist, finden Sie im Folgenden allgemeine Informationen zu dieser Website: Eigent\u00fcmer dieser Website www.soniapena.com(im Folgenden Website) ist: Sonia Pe\u00f1a S.A.U., mit der NIF: A29154846, [&hellip;]<\/p>\n","protected":false},"author":1,"featured_media":0,"parent":0,"menu_order":0,"comment_status":"closed","ping_status":"closed","template":"","meta":{"_joinchat":[],"footnotes":""},"class_list":["post-7852","page","type-page","status-publish","hentry"],"_links":{"self":[{"href":"https:\/\/soniapena.com\/de\/wp-json\/wp\/v2\/pages\/7852","targetHints":{"allow":["GET"]}}],"collection":[{"href":"https:\/\/soniapena.com\/de\/wp-json\/wp\/v2\/pages"}],"about":[{"href":"https:\/\/soniapena.com\/de\/wp-json\/wp\/v2\/types\/page"}],"author":[{"embeddable":true,"href":"https:\/\/soniapena.com\/de\/wp-json\/wp\/v2\/users\/1"}],"replies":[{"embeddable":true,"href":"https:\/\/soniapena.com\/de\/wp-json\/wp\/v2\/comments?post=7852"}],"version-history":[{"count":8,"href":"https:\/\/soniapena.com\/de\/wp-json\/wp\/v2\/pages\/7852\/revisions"}],"predecessor-version":[{"id":17132,"href":"https:\/\/soniapena.com\/de\/wp-json\/wp\/v2\/pages\/7852\/revisions\/17132"}],"wp:attachment":[{"href":"https:\/\/soniapena.com\/de\/wp-json\/wp\/v2\/media?parent=7852"}],"curies":[{"name":"wp","href":"https:\/\/api.w.org\/{rel}","templated":true}]}}