{"id":8178,"date":"2025-01-29T14:49:26","date_gmt":"2025-01-29T13:49:26","guid":{"rendered":"https:\/\/lucid-fermi.217-18-163-79.plesk.page\/cookies-politik\/"},"modified":"2026-01-31T00:26:49","modified_gmt":"2026-01-30T23:26:49","slug":"cookies-politik","status":"publish","type":"page","link":"https:\/\/soniapena.com\/de\/cookies-politik\/","title":{"rendered":"Cookies Politik"},"content":{"rendered":"\t\t<div data-elementor-type=\"wp-page\" data-elementor-id=\"8178\" class=\"elementor elementor-8178 elementor-1165\" data-elementor-post-type=\"page\">\n\t\t\t\t<div class=\"elementor-element elementor-element-0566fe8 e-flex e-con-boxed e-con e-parent\" data-id=\"0566fe8\" data-element_type=\"container\" data-e-type=\"container\">\n\t\t\t\t\t<div class=\"e-con-inner\">\n\t\t\t\t<div class=\"elementor-element elementor-element-222c239 elementor-widget elementor-widget-heading\" data-id=\"222c239\" data-element_type=\"widget\" data-e-type=\"widget\" data-widget_type=\"heading.default\">\n\t\t\t\t<div class=\"elementor-widget-container\">\n\t\t\t\t\t<h1 class=\"elementor-heading-title elementor-size-default\">Cookie-Richtlinie<\/h1>\t\t\t\t<\/div>\n\t\t\t\t<\/div>\n\t\t\t\t\t<\/div>\n\t\t\t\t<\/div>\n\t\t<div class=\"elementor-element elementor-element-31e61c62 e-flex e-con-boxed e-con e-parent\" data-id=\"31e61c62\" data-element_type=\"container\" data-e-type=\"container\">\n\t\t\t\t\t<div class=\"e-con-inner\">\n\t\t\t\t<div class=\"elementor-element elementor-element-3714f161 elementor-widget elementor-widget-text-editor\" data-id=\"3714f161\" data-element_type=\"widget\" data-e-type=\"widget\" data-widget_type=\"text-editor.default\">\n\t\t\t\t<div class=\"elementor-widget-container\">\n\t\t\t\t\t\t\t\t\t\n<p>Der Zugriff auf diese Website kann die Verwendung von Cookies beinhalten. Cookies sind kleine Informationsmengen, die in dem von jedem Nutzer verwendeten Browser &#8211; in den verschiedenen Ger\u00e4ten, die zum Surfen verwendet werden k\u00f6nnen &#8211; gespeichert werden, so dass sich der Server bestimmte Informationen merkt, die sp\u00e4ter nur von dem Server gelesen werden k\u00f6nnen, der sie implementiert hat. Cookies machen das Surfen einfacher, benutzerfreundlicher und besch\u00e4digen das Ger\u00e4t nicht.  <\/p>\n\n<p>Cookies sind automatische Verfahren zur Sammlung von Informationen \u00fcber die vom Benutzer w\u00e4hrend seines Besuchs auf der Website festgelegten Pr\u00e4ferenzen, um ihn als Benutzer zu erkennen und seine Erfahrung und Nutzung der Website zu personalisieren, und k\u00f6nnen beispielsweise auch helfen, Fehler zu erkennen und zu beheben.<\/p>\n\n<p>Die durch Cookies gesammelten Informationen k\u00f6nnen das Datum und die Uhrzeit der Besuche auf der Website, die aufgerufenen Seiten, die auf der Website verbrachte Zeit und die unmittelbar vor und nach der Website besuchten Seiten umfassen. Kein Cookie erlaubt es jedoch, die Telefonnummer des Nutzers oder andere Mittel zur pers\u00f6nlichen Kontaktaufnahme zu ermitteln. Kein Cookie kann Informationen von der Festplatte des Benutzers extrahieren oder pers\u00f6nliche Daten stehlen. Die einzige M\u00f6glichkeit, wie die privaten Daten des Nutzers in die Cookie-Datei aufgenommen werden k\u00f6nnen, besteht darin, dass der Nutzer diese Daten pers\u00f6nlich an den Server weitergibt.   <\/p>\n\n<p>Cookies, die die Identifizierung einer Person erm\u00f6glichen, gelten als personenbezogene Daten. Daher gilt f\u00fcr sie die oben genannte Datenschutzrichtlinie. In diesem Zusammenhang erfordert die Verwendung von Cookies die Zustimmung des Nutzers. Diese Zustimmung wird auf der Grundlage einer echten Wahl mitgeteilt, die durch eine best\u00e4tigende und positive Entscheidung vor der anf\u00e4nglichen Verarbeitung gegeben wird, und ist entfernbar und dokumentiert.   <\/p>\n\n<p><strong>Eigene Cookies<\/strong><\/p>\n\n<p>Es handelt sich dabei um Cookies, die an den Computer oder das Ger\u00e4t des Nutzers gesendet und ausschlie\u00dflich von <strong>Sonia Pe\u00f1a S.A.U.<\/strong> f\u00fcr das bessere Funktionieren der Website verwaltet werden. Die gesammelten Informationen werden verwendet, um die Qualit\u00e4t der Website und ihres Inhalts sowie Ihre Erfahrung als Nutzer zu verbessern. Diese Cookies erm\u00f6glichen es, den Benutzer als wiederkehrenden Besucher der Website zu erkennen und die Inhalte anzupassen, um ihm Inhalte anzubieten, die seinen Vorlieben entsprechen.  <\/p>\n\n<p><strong>Cookies von Dritten<\/strong><\/p>\n\n<p>Diese Cookies werden von externen Unternehmen verwendet und verwaltet, die <strong>Sonia Pe\u00f1a S.A.U.<\/strong> die von den Nutzern angeforderten Dienste zur Verf\u00fcgung stellen, um die Website und die Erfahrung des Nutzers beim Surfen auf der Website zu verbessern. Der Hauptzweck, f\u00fcr den Cookies von Dritten verwendet werden, ist die Erstellung von Zugriffsstatistiken und die Analyse von Browsing-Informationen, d.h. wie der Nutzer mit der Website interagiert. <\/p>\n\n<p>Die erhaltenen Informationen beziehen sich beispielsweise auf die Anzahl der besuchten Seiten, die Sprache, den Ort der IP-Adresse, von der aus der Nutzer zugreift, die Anzahl der Nutzer, die zugreifen, die H\u00e4ufigkeit und Wiederholung der Besuche, die Uhrzeit des Besuchs, den verwendeten Browser, den Betreiber oder die Art des Ger\u00e4ts, von dem aus der Besuch erfolgt ist. Diese Informationen werden verwendet, um die Website zu verbessern und neue Bed\u00fcrfnisse zu erkennen, um den Benutzern eine optimale Qualit\u00e4t der Inhalte und\/oder des Service zu bieten. In jedem Fall werden die Informationen anonym gesammelt und es werden Berichte \u00fcber die Entwicklung der Website erstellt, ohne dass einzelne Nutzer identifiziert werden.  <\/p>\n\n<p>Weitere Informationen zu Cookies, Informationen zum Datenschutz oder eine Beschreibung der Art der verwendeten Cookies, ihrer Hauptmerkmale, der Verfallszeit usw. finden Sie unter dem folgenden Link: Google Analytics: https:\/\/developers.google.com\/analytics<\/p>\n\n<p>Die f\u00fcr die Bereitstellung von Cookies verantwortliche(n) Stelle(n) kann (k\u00f6nnen) diese Informationen an Dritte weitergeben, wenn dies gesetzlich vorgeschrieben ist oder wenn ein Dritter diese Informationen f\u00fcr diese Stellen verarbeitet.<\/p>\n\n<p><strong>Deaktivieren, Ablehnen und L\u00f6schen von Cookies<\/strong><\/p>\n\n<p>Der Nutzer kann die auf seinem Ger\u00e4t installierten Cookies ganz oder teilweise deaktivieren, ablehnen und l\u00f6schen, indem er seinen Browser (z.B. Chrome, Firefox, Safari, Explorer) konfiguriert. Die Verfahren zur Ablehnung und L\u00f6schung von Cookies k\u00f6nnen sich von einem Internetbrowser zum anderen unterscheiden. Daher muss der Nutzer die Anweisungen des von ihm verwendeten Internetbrowsers befolgen. Wenn Sie die Verwendung von Cookies &#8211; ganz oder teilweise &#8211; ablehnen, k\u00f6nnen Sie die Website weiterhin nutzen, auch wenn die Nutzung einiger ihrer Funktionen eingeschr\u00e4nkt sein kann.   <\/p>\n\t\t\t\t\t\t\t\t<\/div>\n\t\t\t\t<\/div>\n\t\t\t\t\t<\/div>\n\t\t\t\t<\/div>\n\t\t\t\t<\/div>\n\t\t","protected":false},"excerpt":{"rendered":"<p>Cookie-Richtlinie Der Zugriff auf diese Website kann die Verwendung von Cookies beinhalten. Cookies sind kleine Informationsmengen, die in dem von jedem Nutzer verwendeten Browser &#8211; in den verschiedenen Ger\u00e4ten, die zum Surfen verwendet werden k\u00f6nnen &#8211; gespeichert werden, so dass sich der Server bestimmte Informationen merkt, die sp\u00e4ter nur von dem Server gelesen werden k\u00f6nnen, [&hellip;]<\/p>\n","protected":false},"author":1,"featured_media":0,"parent":0,"menu_order":0,"comment_status":"closed","ping_status":"closed","template":"","meta":{"_joinchat":[],"footnotes":""},"class_list":["post-8178","page","type-page","status-publish","hentry"],"_links":{"self":[{"href":"https:\/\/soniapena.com\/de\/wp-json\/wp\/v2\/pages\/8178","targetHints":{"allow":["GET"]}}],"collection":[{"href":"https:\/\/soniapena.com\/de\/wp-json\/wp\/v2\/pages"}],"about":[{"href":"https:\/\/soniapena.com\/de\/wp-json\/wp\/v2\/types\/page"}],"author":[{"embeddable":true,"href":"https:\/\/soniapena.com\/de\/wp-json\/wp\/v2\/users\/1"}],"replies":[{"embeddable":true,"href":"https:\/\/soniapena.com\/de\/wp-json\/wp\/v2\/comments?post=8178"}],"version-history":[{"count":8,"href":"https:\/\/soniapena.com\/de\/wp-json\/wp\/v2\/pages\/8178\/revisions"}],"predecessor-version":[{"id":17174,"href":"https:\/\/soniapena.com\/de\/wp-json\/wp\/v2\/pages\/8178\/revisions\/17174"}],"wp:attachment":[{"href":"https:\/\/soniapena.com\/de\/wp-json\/wp\/v2\/media?parent=8178"}],"curies":[{"name":"wp","href":"https:\/\/api.w.org\/{rel}","templated":true}]}}