{"id":8198,"date":"2025-01-29T15:08:58","date_gmt":"2025-01-29T14:08:58","guid":{"rendered":"https:\/\/lucid-fermi.217-18-163-79.plesk.page\/datenschutzbestimmungen\/"},"modified":"2026-01-31T00:27:04","modified_gmt":"2026-01-30T23:27:04","slug":"datenschutzbestimmungen","status":"publish","type":"page","link":"https:\/\/soniapena.com\/de\/datenschutzbestimmungen\/","title":{"rendered":"Datenschutzbestimmungen"},"content":{"rendered":"\t\t<div data-elementor-type=\"wp-page\" data-elementor-id=\"8198\" class=\"elementor elementor-8198 elementor-1177\" data-elementor-post-type=\"page\">\n\t\t\t\t<div class=\"elementor-element elementor-element-2a67dfe e-flex e-con-boxed e-con e-parent\" data-id=\"2a67dfe\" data-element_type=\"container\" data-e-type=\"container\">\n\t\t\t\t\t<div class=\"e-con-inner\">\n\t\t\t\t<div class=\"elementor-element elementor-element-6a581d4 elementor-widget elementor-widget-heading\" data-id=\"6a581d4\" data-element_type=\"widget\" data-e-type=\"widget\" data-widget_type=\"heading.default\">\n\t\t\t\t<div class=\"elementor-widget-container\">\n\t\t\t\t\t<h2 class=\"elementor-heading-title elementor-size-default\">Datenschutzbestimmungen<\/h2>\t\t\t\t<\/div>\n\t\t\t\t<\/div>\n\t\t\t\t\t<\/div>\n\t\t\t\t<\/div>\n\t\t<div class=\"elementor-element elementor-element-4a60f913 e-flex e-con-boxed e-con e-parent\" data-id=\"4a60f913\" data-element_type=\"container\" data-e-type=\"container\">\n\t\t\t\t\t<div class=\"e-con-inner\">\n\t\t\t\t<div class=\"elementor-element elementor-element-492661ab elementor-widget elementor-widget-text-editor\" data-id=\"492661ab\" data-element_type=\"widget\" data-e-type=\"widget\" data-widget_type=\"text-editor.default\">\n\t\t\t\t<div class=\"elementor-widget-container\">\n\t\t\t\t\t\t\t\t\t\n<p><strong>I. DATENSCHUTZ UND DATENSCHUTZPOLITIK<\/strong><\/p>\n\n<p>Unter Beachtung der geltenden Rechtsvorschriften verpflichtet sich Sonia Pe\u00f1a S.A.U. (im Folgenden auch Website), die notwendigen technischen und organisatorischen Ma\u00dfnahmen zu ergreifen, die dem Risiko der erhobenen Daten angemessen sind.<\/p>\n\n<p><strong>&#8211; Gesetze, die in dieser Datenschutzerkl\u00e4rung enthalten sind<\/strong><\/p>\n\n<p>Diese Datenschutzerkl\u00e4rung ist an die aktuelle spanische und europ\u00e4ische Gesetzgebung zum Schutz pers\u00f6nlicher Daten im Internet angepasst. Sie beachtet insbesondere die folgenden Regeln: <\/p>\n\n<ul class=\"wp-block-list\">\n<li>Verordnung (EU) 2016\/679 des Europ\u00e4ischen Parlaments und des Rates vom 27. April 2016 zum Schutz nat\u00fcrlicher Personen bei der Verarbeitung personenbezogener Daten und zum freien Datenverkehr (GDPR).<\/li>\n\n<li>Organgesetz 3\/2018 vom 5. Dezember \u00fcber den Schutz personenbezogener Daten und die Garantie der digitalen Rechte (LOPD-GDD).<\/li>\n\n<li>K\u00f6niglicher Erlass 1720\/2007 vom 21. Dezember zur Verabschiedung der Verordnung zur Durchf\u00fchrung des Organgesetzes 15\/1999 vom 13. Dezember \u00fcber den Schutz personenbezogener Daten (RDLOPD).<\/li>\n\n<li>Gesetz 34\/2002, vom 11. Juli, \u00fcber die Dienste der Informationsgesellschaft und den elektronischen Handel (LSSI-CE).<\/li>\n<\/ul>\n\n<p><strong>&#8211; Identit\u00e4t des f\u00fcr die Verarbeitung der personenbezogenen Daten Verantwortlichen<\/strong><\/p>\n\n<p>Der Verantwortliche f\u00fcr die Verarbeitung der von Sonia Pe\u00f1a S.A.U. erhobenen personenbezogenen Daten ist: <strong>Sonia Pe\u00f1a S.A.U.<\/strong>, mit der Steueridentifikationsnummer: <strong>A29154846<\/strong> (im Folgenden: der f\u00fcr die Verarbeitung Verantwortliche). Seine Kontaktdaten lauten wie folgt: <\/p>\n\n<p>Adresse:  <strong>C\/ Concepci\u00f3n Arenal, 27. 28004 M\u00e1laga <\/strong><\/p>\n\n<p>Kontakt-Telefonnummer: <strong>+34 952 240 368<\/strong><\/p>\n\n<p>Kontakt E-Mail: <strong>info@soniapena.com<\/strong><\/p>\n\n<p><strong>&#8211; Register der pers\u00f6nlichen Daten<\/strong><\/p>\n\n<p>In \u00dcbereinstimmung mit den Bestimmungen der RGPD und der LOPD-GDD informieren wir Sie dar\u00fcber, dass die von Sonia Pe\u00f1a S.A.U. \u00fcber die auf ihren Seiten bereitgestellten Formulare erhobenen personenbezogenen Daten in unsere Datei aufgenommen und verarbeitet werden, um die zwischen Sonia Pe\u00f1a S.A.U. und dem Nutzer eingegangenen Verpflichtungen zu erleichtern, zu beschleunigen und zu erf\u00fcllen oder um die in den vom Nutzer ausgef\u00fcllten Formularen festgelegte Beziehung aufrechtzuerhalten oder um auf eine Anfrage oder Anfrage des Nutzers zu antworten. Ebenso wird gem\u00e4\u00df den Bestimmungen der RGPD und der LOPD-GDD, sofern nicht die in Artikel 30.5 der RGPD vorgesehene Ausnahme zutrifft, ein Verzeichnis der Verarbeitungst\u00e4tigkeiten gef\u00fchrt, in dem je nach Zweck die durchgef\u00fchrten Verarbeitungst\u00e4tigkeiten und die anderen in der RGPD festgelegten Umst\u00e4nde aufgef\u00fchrt sind. <\/p>\n\n<p><strong>&#8211; Grunds\u00e4tze f\u00fcr die Verarbeitung von personenbezogenen Daten<\/strong><\/p>\n\n<p>Die Verarbeitung der personenbezogenen Daten des Benutzers unterliegt den folgenden Grunds\u00e4tzen, die in Artikel 5 der RGPD und in Artikel 4 ff. des Organgesetzes 3\/2018 vom 5. Dezember \u00fcber den Schutz personenbezogener Daten und die Gew\u00e4hrleistung digitaler Rechte festgelegt sind:<\/p>\n\n<ul class=\"wp-block-list\">\n<li>Grundsatz der Rechtm\u00e4\u00dfigkeit, Fairness und Transparenz: Die Zustimmung des Nutzers ist jederzeit nach vollst\u00e4ndiger und transparenter Information \u00fcber die Zwecke, f\u00fcr die die personenbezogenen Daten erhoben werden, erforderlich.<\/li>\n\n<li>Grundsatz der Zweckbindung: Personenbezogene Daten werden f\u00fcr festgelegte, eindeutige und rechtm\u00e4\u00dfige Zwecke erhoben.<\/li>\n\n<li>Grundsatz der Datenminimierung: Es werden nur die personenbezogenen Daten erhoben, die f\u00fcr die Zwecke, f\u00fcr die sie verarbeitet werden, unbedingt erforderlich sind.<\/li>\n\n<li>Grundsatz der Korrektheit: Pers\u00f6nliche Daten m\u00fcssen korrekt und immer auf dem neuesten Stand sein.<\/li>\n\n<li>Grundsatz der Begrenzung der Speicherdauer: Personenbezogene Daten werden nur in einer Form aufbewahrt, die die Identifizierung des Nutzers f\u00fcr den Zeitraum erm\u00f6glicht, der f\u00fcr die Zwecke ihrer Verarbeitung erforderlich ist.<\/li>\n\n<li>Grundsatz der Integrit\u00e4t und Vertraulichkeit: Personenbezogene Daten werden in einer Weise verarbeitet, die ihre Sicherheit und Vertraulichkeit gew\u00e4hrleistet.<\/li>\n\n<li>Grundsatz der proaktiven Rechenschaftspflicht: Der Controller ist daf\u00fcr verantwortlich, dass die oben genannten Grunds\u00e4tze eingehalten werden.<\/li>\n<\/ul>\n\n<p><strong>&#8211; Kategorien von personenbezogenen Daten<\/strong><\/p>\n\n<p>Die von Sonia Pe\u00f1a S.A.U. verarbeiteten Datenkategorien sind ausschlie\u00dflich Identifikationsdaten. Unter keinen Umst\u00e4nden werden besondere Kategorien personenbezogener Daten im Sinne von Artikel 9 der RGPD verarbeitet. <\/p>\n\n<p>Bei den von Sonia Pe\u00f1a S.A.U. verarbeiteten Datenkategorien handelt es sich sowohl um Identifikationsdaten als auch um besondere Kategorien personenbezogener Daten im Sinne von Artikel 9 der DSGVO.<\/p>\n\n<p>Zu den besonderen Kategorien personenbezogener Daten geh\u00f6ren Daten, aus denen die rassische oder ethnische Herkunft, politische Meinungen, religi\u00f6se oder philosophische \u00dcberzeugungen oder die Gewerkschaftszugeh\u00f6rigkeit hervorgehen, sowie die Verarbeitung von genetischen Daten, biometrischen Daten zur eindeutigen Identifizierung einer nat\u00fcrlichen Person, Gesundheitsdaten oder Daten zum Sexualleben oder zur sexuellen Orientierung einer nat\u00fcrlichen Person.<\/p>\n\n<p>F\u00fcr die Verarbeitung besonderer Kategorien personenbezogener Daten ist in jedem Fall die ausdr\u00fcckliche Zustimmung des Nutzers f\u00fcr einen oder mehrere bestimmte Zwecke erforderlich.<\/p>\n\n<p><strong>&#8211; Rechtsgrundlage f\u00fcr die Verarbeitung von personenbezogenen Daten<\/strong><\/p>\n\n<p>Die Rechtsgrundlage f\u00fcr die Verarbeitung personenbezogener Daten ist die Einwilligung. Sonia Pe\u00f1a S.A.U. verpflichtet sich, die ausdr\u00fcckliche und \u00fcberpr\u00fcfbare Zustimmung des Benutzers zur Verarbeitung seiner personenbezogenen Daten f\u00fcr einen oder mehrere bestimmte Zwecke einzuholen. <\/p>\n\n<p>Der Nutzer hat das Recht, seine Zustimmung jederzeit zu widerrufen. Der Widerruf der Zustimmung ist ebenso einfach wie die Erteilung der Zustimmung. In der Regel wird die Nutzung der Website durch den Widerruf der Zustimmung nicht eingeschr\u00e4nkt.  <\/p>\n\n<p>In den F\u00e4llen, in denen der Benutzer seine Daten \u00fcber Formulare angeben muss oder kann, um Anfragen zu stellen, Informationen anzufordern oder aus Gr\u00fcnden, die mit dem Inhalt der Website zusammenh\u00e4ngen, wird er dar\u00fcber informiert, wenn das Ausf\u00fcllen eines dieser Formulare obligatorisch ist, weil es f\u00fcr die korrekte Abwicklung der durchgef\u00fchrten Operation unerl\u00e4sslich ist.<\/p>\n\n<p><strong>&#8211; Zwecke der Verarbeitung, f\u00fcr die die personenbezogenen Daten verwendet werden<\/strong><\/p>\n\n<p>Die pers\u00f6nlichen Daten werden von Sonia Pe\u00f1a S.A.U. gesammelt und verwaltet, um die zwischen der Website und dem Benutzer eingegangenen Verpflichtungen zu erleichtern, zu beschleunigen und zu erf\u00fcllen oder um die Beziehung zu pflegen, die in den von letzterem ausgef\u00fcllten Formularen hergestellt wurde, oder um eine Anfrage oder Anfrage zu bearbeiten.<\/p>\n\n<p>Ebenso k\u00f6nnen die Daten f\u00fcr kommerzielle, personalisierte, betriebliche und statistische Zwecke sowie f\u00fcr Aktivit\u00e4ten im Zusammenhang mit dem Unternehmenszweck von Sonia Pe\u00f1a S.A.U. verwendet werden, sowie f\u00fcr die Gewinnung und Speicherung von Daten und Marketingstudien zur Anpassung der dem Benutzer angebotenen Inhalte sowie zur Verbesserung der Qualit\u00e4t, des Betriebs und des Surfens auf der Website.<\/p>\n\n<p>Zum Zeitpunkt der Erhebung der personenbezogenen Daten wird der Nutzer \u00fcber den\/die spezifischen Zweck(e) der Verarbeitung informiert, f\u00fcr den\/die die personenbezogenen Daten verwendet werden, d.h. die Verwendung(en), f\u00fcr die die gesammelten Informationen verwendet werden.<\/p>\n\n<p><strong>&#8211; Aufbewahrungsfristen f\u00fcr personenbezogene Daten<\/strong><\/p>\n\n<p>Personenbezogene Daten werden nur so lange aufbewahrt, wie es f\u00fcr die Zwecke ihrer Verarbeitung erforderlich ist, und in jedem Fall nur f\u00fcr den folgenden Zeitraum: 18 Monate oder bis der Nutzer ihre L\u00f6schung beantragt.<\/p>\n\n<p>Zum Zeitpunkt der Erhebung der personenbezogenen Daten wird der Nutzer \u00fcber den Zeitraum informiert, f\u00fcr den die personenbezogenen Daten aufbewahrt werden, oder, falls dies nicht m\u00f6glich ist, \u00fcber die Kriterien, nach denen dieser Zeitraum bestimmt wird.<\/p>\n\n<p><strong>&#8211; Empf\u00e4nger von pers\u00f6nlichen Daten<\/strong><\/p>\n\n<p>Die pers\u00f6nlichen Daten des Benutzers werden nicht an Dritte weitergegeben.<\/p>\n\n<p>In jedem Fall wird der Nutzer zum Zeitpunkt der Erhebung der personenbezogenen Daten \u00fcber die Empf\u00e4nger oder Kategorien von Empf\u00e4ngern der personenbezogenen Daten informiert.<\/p>\n\n<p><strong>&#8211; Pers\u00f6nliche Daten von Minderj\u00e4hrigen<\/strong><\/p>\n\n<p>Gem\u00e4\u00df den Bestimmungen der Artikel 8 der RGPD und 7 des Organgesetzes 3\/2018 vom 5. Dezember \u00fcber den Schutz personenbezogener Daten und die Gew\u00e4hrleistung digitaler Rechte k\u00f6nnen nur Personen \u00fcber 14 Jahren ihre Zustimmung zur rechtm\u00e4\u00dfigen Verarbeitung ihrer personenbezogenen Daten durch Sonia Pe\u00f1a S.A.U. geben. Bei Minderj\u00e4hrigen unter 14 Jahren ist die Zustimmung der Eltern oder des Vormunds f\u00fcr die Verarbeitung erforderlich, und diese wird nur dann als rechtm\u00e4\u00dfig angesehen, wenn sie sie genehmigt haben. <\/p>\n\n<p><strong>&#8211; Geheimhaltung und Sicherheit von pers\u00f6nlichen Daten<\/strong><\/p>\n\n<p>Sonia Pe\u00f1a S.A.U. verpflichtet sich, die notwendigen technischen und organisatorischen Ma\u00dfnahmen zu ergreifen, die dem Risiko der erhobenen Daten angemessen sind, um die Sicherheit der personenbezogenen Daten zu gew\u00e4hrleisten und die versehentliche oder unrechtm\u00e4\u00dfige Zerst\u00f6rung, den Verlust oder die Ver\u00e4nderung der \u00fcbermittelten, gespeicherten oder anderweitig verarbeiteten personenbezogenen Daten sowie die unbefugte Weitergabe oder den unbefugten Zugriff auf diese Daten zu verhindern.<\/p>\n\n<p>Die Website verf\u00fcgt \u00fcber ein SSL-Zertifikat (Secure Socket Layer), das gew\u00e4hrleistet, dass personenbezogene Daten sicher und vertraulich \u00fcbertragen werden, da die \u00dcbertragung der Daten zwischen dem Server und dem Benutzer und im Gegenzug vollst\u00e4ndig verschl\u00fcsselt oder verschl\u00fcsselt wird.<\/p>\n\n<p>Da Sonia Pe\u00f1a S.A.U. jedoch weder die Uneinnehmbarkeit des Internets noch die v\u00f6llige Abwesenheit von Hackern oder anderen Personen, die sich in betr\u00fcgerischer Absicht Zugang zu personenbezogenen Daten verschaffen, garantieren kann, verpflichtet sich der f\u00fcr die Datenverarbeitung Verantwortliche, den Nutzer unverz\u00fcglich zu benachrichtigen, wenn eine Verletzung der Sicherheit personenbezogener Daten auftritt, die wahrscheinlich ein hohes Risiko f\u00fcr die Rechte und Freiheiten nat\u00fcrlicher Personen darstellt. Gem\u00e4\u00df Artikel 4 der DSGVO bedeutet eine Verletzung der Sicherheit personenbezogener Daten jede Verletzung der Sicherheit, die zur versehentlichen oder unrechtm\u00e4\u00dfigen Zerst\u00f6rung, zum Verlust oder zur Ver\u00e4nderung der \u00fcbermittelten, gespeicherten oder anderweitig verarbeiteten personenbezogenen Daten oder zur unbefugten Weitergabe dieser Daten oder zum unbefugten Zugriff auf diese Daten f\u00fchrt. <\/p>\n\n<p>Personenbezogene Daten werden vom Data Controller vertraulich behandelt, der sich verpflichtet, seine Mitarbeiter, Partner und alle anderen Personen, denen er die Informationen zug\u00e4nglich macht, dar\u00fcber zu informieren und durch eine gesetzliche oder vertragliche Verpflichtung sicherzustellen, dass diese Vertraulichkeit gewahrt bleibt.<\/p>\n\n<p><strong>&#8211; Rechte, die sich aus der Verarbeitung von personenbezogenen Daten ergeben<\/strong><\/p>\n\n<p>Der Benutzer hat gegen\u00fcber Sonia Pe\u00f1a S.A.U. das Recht, die folgenden, in der RGPD und im Organgesetz 3\/2018 vom 5. Dezember \u00fcber den Schutz personenbezogener Daten und die Gew\u00e4hrleistung digitaler Rechte anerkannten Rechte gegen\u00fcber dem f\u00fcr die Datenverarbeitung Verantwortlichen auszu\u00fcben:<\/p>\n\n<ul class=\"wp-block-list\">\n<li><em>Auskunftsrecht:<\/em> Der Nutzer hat das Recht, eine Best\u00e4tigung dar\u00fcber zu erhalten, ob Sonia Pe\u00f1a S.A.U. seine personenbezogenen Daten verarbeitet oder nicht, und wenn ja, Informationen \u00fcber seine spezifischen personenbezogenen Daten und \u00fcber die von Sonia Pe\u00f1a S.A.U. durchgef\u00fchrte oder geplante Verarbeitung zu erhalten, sowie unter anderem die verf\u00fcgbaren Informationen \u00fcber die Herkunft dieser Daten und die Empf\u00e4nger der f\u00fcr diese Daten durchgef\u00fchrten oder geplanten Mitteilungen.<\/li>\n\n<li><em>Recht auf Berichtigung:<\/em> Dies ist das Recht des Nutzers, seine personenbezogenen Daten \u00e4ndern zu lassen, wenn sie sich als unrichtig oder im Hinblick auf den Zweck der Verarbeitung als unvollst\u00e4ndig erweisen.<\/li>\n\n<li><em>Recht auf L\u00f6schung (&#8222;das Recht auf Vergessenwerden&#8220;):<\/em>  Dies ist das Recht des Nutzers, sofern gesetzlich nicht anders vorgesehen, die L\u00f6schung seiner personenbezogenen Daten zu erwirken, wenn sie f\u00fcr die Zwecke, f\u00fcr die sie erhoben oder verarbeitet wurden, nicht mehr erforderlich sind; der Nutzer seine Zustimmung zur Verarbeitung zur\u00fcckgezogen hat und es keine andere rechtm\u00e4\u00dfige Grundlage f\u00fcr die Verarbeitung gibt; der Nutzer widerspricht der Verarbeitung und es gibt keinen anderen rechtm\u00e4\u00dfigen Grund, die Verarbeitung fortzusetzen; die personenbezogenen Daten wurden unrechtm\u00e4\u00dfig verarbeitet; die personenbezogenen Daten m\u00fcssen aufgrund einer gesetzlichen Verpflichtung gel\u00f6scht werden; oder die personenbezogenen Daten wurden als Ergebnis eines Direktangebots von Diensten der Informationsgesellschaft an eine Person unter 14 Jahren erlangt. Zus\u00e4tzlich zur L\u00f6schung ergreift der f\u00fcr die Verarbeitung Verantwortliche unter Ber\u00fccksichtigung der verf\u00fcgbaren Technologie und der Kosten ihrer Umsetzung angemessene Ma\u00dfnahmen, um die f\u00fcr die Verarbeitung Verantwortlichen, die die personenbezogenen Daten verarbeiten, \u00fcber den Antrag der betroffenen Person auf L\u00f6schung jeder Verkn\u00fcpfung mit diesen personenbezogenen Daten zu informieren. <\/li>\n\n<li><em>Recht auf Einschr\u00e4nkung der Verarbeitung:<\/em> Dies ist das Recht des Nutzers, die Verarbeitung seiner personenbezogenen Daten einzuschr\u00e4nken. Der Nutzer hat das Recht, die Einschr\u00e4nkung der Verarbeitung zu erwirken, wenn er die Richtigkeit seiner personenbezogenen Daten bestreitet; die Verarbeitung unrechtm\u00e4\u00dfig ist; der f\u00fcr die Verarbeitung Verantwortliche die personenbezogenen Daten nicht mehr ben\u00f6tigt, der Nutzer sie aber zur Geltendmachung von Anspr\u00fcchen ben\u00f6tigt; und wenn der Nutzer der Verarbeitung widersprochen hat. <\/li>\n\n<li><em>Recht auf Daten\u00fcbertragbarkeit:<\/em> Im Falle einer automatisierten Verarbeitung hat der Nutzer das Recht, von dem f\u00fcr die Verarbeitung Verantwortlichen seine personenbezogenen Daten in einem strukturierten, g\u00e4ngigen und maschinenlesbaren Format zu erhalten und sie an einen anderen f\u00fcr die Verarbeitung Verantwortlichen zu \u00fcbermitteln. Soweit dies technisch m\u00f6glich ist, \u00fcbermittelt der f\u00fcr die Verarbeitung Verantwortliche die Daten direkt an diesen anderen f\u00fcr die Verarbeitung Verantwortlichen. <\/li>\n\n<li><em>Recht auf Widerspruch:<\/em> Dies ist das Recht des Benutzers, die Verarbeitung seiner pers\u00f6nlichen Daten zu verweigern oder Sonia Pe\u00f1a S.A.U. von der Verarbeitung abzuhalten.<\/li>\n\n<li><em>Recht, keiner Entscheidung unterworfen zu werden, die ausschlie\u00dflich auf einer automatisierten Verarbeitung, einschlie\u00dflich Profiling, beruht:<\/em> Dies ist das Recht des Nutzers, keiner individualisierten Entscheidung unterworfen zu werden, die ausschlie\u00dflich auf einer automatisierten Verarbeitung seiner personenbezogenen Daten, einschlie\u00dflich Profiling, beruht, es sei denn, das Gesetz sieht etwas anderes vor.<\/li>\n<\/ul>\n\n<p>Daher kann der Nutzer seine Rechte durch eine schriftliche Mitteilung an den f\u00fcr die Datenverarbeitung Verantwortlichen mit der Referenz &#8222;RGPD-www.soniapena.com&#8220; aus\u00fcben, in der er Folgendes angibt:<\/p>\n\n<ul class=\"wp-block-list\">\n<li>Name, Nachname(n) des Nutzers und Kopie des Personalausweises. In den F\u00e4llen, in denen eine Vertretung zul\u00e4ssig ist, muss auch die Person, die den Nutzer vertritt, mit denselben Mitteln identifiziert werden, ebenso wie das Dokument, das die Vertretung best\u00e4tigt. Die Fotokopie des Personalausweises kann durch jedes andere rechtsg\u00fcltige Mittel ersetzt werden, mit dem die Identit\u00e4t nachgewiesen werden kann.  <\/li>\n\n<li>Anfrage mit spezifischen Gr\u00fcnden f\u00fcr die Anfrage oder die Informationen, auf die zugegriffen werden soll.<\/li>\n\n<li>Adresse zum Zweck der Benachrichtigung.<\/li>\n\n<li>Datum und Unterschrift des Antragstellers.<\/li>\n\n<li>Jedes Dokument, das Ihren Antrag unterst\u00fctzt.<\/li>\n<\/ul>\n\n<p>Diese Bewerbung und alle Begleitdokumente k\u00f6nnen an die folgende Adresse und\/oder E-Mail-Adresse geschickt werden:<\/p>\n\n<p>Postanschrift: C\/  <strong>Concepci\u00f3n Arenal, 27. 28004 M\u00e1laga <\/strong><\/p>\n\n<p>E-Mail: <strong>info@soniapena.com<\/strong><\/p>\n\n<p><strong>&#8211; Links zu Websites von Dritten<\/strong><\/p>\n\n<p>Die Website kann Hyperlinks oder Links enthalten, die den Zugang zu Websites Dritter erm\u00f6glichen, die nicht zu Sonia Pe\u00f1a S.A.U. geh\u00f6ren und daher nicht von Sonia Pe\u00f1a S.A.U. betrieben werden. Die Eigent\u00fcmer dieser Websites haben ihre eigenen Datenschutzrichtlinien und sind in jedem Fall selbst f\u00fcr ihre eigenen Dateien und ihre eigenen Datenschutzpraktiken verantwortlich. <\/p>\n\n<p><strong>&#8211; Beschwerden bei der Aufsichtsbeh\u00f6rde<\/strong><\/p>\n\n<p>Sollte der Nutzer der Ansicht sein, dass die Art und Weise, wie seine personenbezogenen Daten verarbeitet werden, ein Problem oder einen Versto\u00df gegen die geltenden Vorschriften darstellt, hat er das Recht auf wirksamen Rechtsschutz und das Recht, eine Beschwerde bei einer Aufsichtsbeh\u00f6rde einzureichen, insbesondere in dem Staat, in dem er seinen gew\u00f6hnlichen Aufenthalt, seinen Arbeitsplatz oder den Ort des mutma\u00dflichen Versto\u00dfes hat. Im Falle Spaniens ist die Aufsichtsbeh\u00f6rde die spanische Datenschutzbeh\u00f6rde (https:\/\/www.aepd.es\/). <\/p>\n\n<p><strong>II. AKZEPTANZ UND \u00c4NDERUNGEN DIESER DATENSCHUTZRICHTLINIE <\/strong><\/p>\n\n<p>Es ist notwendig, dass der Benutzer die in dieser Datenschutzerkl\u00e4rung enthaltenen Bedingungen zum Schutz personenbezogener Daten gelesen hat und ihnen zustimmt, sowie dass er die Verarbeitung seiner personenbezogenen Daten akzeptiert, damit der Datenverantwortliche in der Art und Weise, w\u00e4hrend der Zeitr\u00e4ume und zu den angegebenen Zwecken fortfahren kann. Die Nutzung der Website setzt die Annahme der Datenschutzbestimmungen voraus. <\/p>\n\n<p>Sonia Pe\u00f1a S.A.U. beh\u00e4lt sich das Recht vor, seine Datenschutzpolitik nach eigenen Kriterien oder aufgrund einer \u00c4nderung der Gesetzgebung, der Rechtsprechung oder der Doktrin der spanischen Datenschutzbeh\u00f6rde zu \u00e4ndern. \u00c4nderungen oder Aktualisierungen dieser Datenschutzpolitik werden dem Benutzer nicht ausdr\u00fccklich mitgeteilt. Dem Benutzer wird empfohlen, diese Seite regelm\u00e4\u00dfig zu konsultieren, um \u00fcber die neuesten \u00c4nderungen oder Aktualisierungen auf dem Laufenden zu bleiben.  <\/p>\n\n<p>Diese Datenschutzerkl\u00e4rung wurde aktualisiert, um sie an die Verordnung (EU) 2016\/679 des Europ\u00e4ischen Parlaments und des Rates vom 27. April 2016 zum Schutz nat\u00fcrlicher Personen bei der Verarbeitung personenbezogener Daten und zum freien Datenverkehr (GDPR) und an das Organgesetz 3\/2018 vom 5. Dezember \u00fcber den Schutz personenbezogener Daten und die Gew\u00e4hrleistung digitaler Rechte anzupassen.<\/p>\n\t\t\t\t\t\t\t\t<\/div>\n\t\t\t\t<\/div>\n\t\t\t\t\t<\/div>\n\t\t\t\t<\/div>\n\t\t\t\t<\/div>\n\t\t","protected":false},"excerpt":{"rendered":"<p>Datenschutzbestimmungen I. DATENSCHUTZ UND DATENSCHUTZPOLITIK Unter Beachtung der geltenden Rechtsvorschriften verpflichtet sich Sonia Pe\u00f1a S.A.U. (im Folgenden auch Website), die notwendigen technischen und organisatorischen Ma\u00dfnahmen zu ergreifen, die dem Risiko der erhobenen Daten angemessen sind. &#8211; Gesetze, die in dieser Datenschutzerkl\u00e4rung enthalten sind Diese Datenschutzerkl\u00e4rung ist an die aktuelle spanische und europ\u00e4ische Gesetzgebung zum Schutz [&hellip;]<\/p>\n","protected":false},"author":1,"featured_media":0,"parent":0,"menu_order":0,"comment_status":"closed","ping_status":"closed","template":"","meta":{"_joinchat":[],"footnotes":""},"class_list":["post-8198","page","type-page","status-publish","hentry"],"_links":{"self":[{"href":"https:\/\/soniapena.com\/de\/wp-json\/wp\/v2\/pages\/8198","targetHints":{"allow":["GET"]}}],"collection":[{"href":"https:\/\/soniapena.com\/de\/wp-json\/wp\/v2\/pages"}],"about":[{"href":"https:\/\/soniapena.com\/de\/wp-json\/wp\/v2\/types\/page"}],"author":[{"embeddable":true,"href":"https:\/\/soniapena.com\/de\/wp-json\/wp\/v2\/users\/1"}],"replies":[{"embeddable":true,"href":"https:\/\/soniapena.com\/de\/wp-json\/wp\/v2\/comments?post=8198"}],"version-history":[{"count":8,"href":"https:\/\/soniapena.com\/de\/wp-json\/wp\/v2\/pages\/8198\/revisions"}],"predecessor-version":[{"id":17218,"href":"https:\/\/soniapena.com\/de\/wp-json\/wp\/v2\/pages\/8198\/revisions\/17218"}],"wp:attachment":[{"href":"https:\/\/soniapena.com\/de\/wp-json\/wp\/v2\/media?parent=8198"}],"curies":[{"name":"wp","href":"https:\/\/api.w.org\/{rel}","templated":true}]}}