{"id":1153,"date":"2025-01-29T13:44:38","date_gmt":"2025-01-29T13:44:38","guid":{"rendered":"https:\/\/lucid-fermi.217-18-163-79.plesk.page\/?page_id=1153"},"modified":"2026-04-23T12:50:19","modified_gmt":"2026-04-23T10:50:19","slug":"envios-y-devoluciones","status":"publish","type":"page","link":"https:\/\/soniapena.com\/en\/envios-y-devoluciones\/","title":{"rendered":"Env\u00edos y devoluciones"},"content":{"rendered":"\t\t<div data-elementor-type=\"wp-page\" data-elementor-id=\"1153\" class=\"elementor elementor-1153\" data-elementor-post-type=\"page\">\n\t\t\t\t<div class=\"elementor-element elementor-element-a1f8c86 e-flex e-con-boxed e-con e-parent\" data-id=\"a1f8c86\" data-element_type=\"container\" data-e-type=\"container\">\n\t\t\t\t\t<div class=\"e-con-inner\">\n\t\t\t\t<div class=\"elementor-element elementor-element-78eff7c elementor-widget elementor-widget-heading\" data-id=\"78eff7c\" data-element_type=\"widget\" data-e-type=\"widget\" data-widget_type=\"heading.default\">\n\t\t\t\t<div class=\"elementor-widget-container\">\n\t\t\t\t\t<h2 class=\"elementor-heading-title elementor-size-default\">Env\u00edos y devoluciones<\/h2>\t\t\t\t<\/div>\n\t\t\t\t<\/div>\n\t\t\t\t<div class=\"elementor-element elementor-element-ac9356e elementor-widget elementor-widget-text-editor\" data-id=\"ac9356e\" data-element_type=\"widget\" data-e-type=\"widget\" data-widget_type=\"text-editor.default\">\n\t\t\t\t<div class=\"elementor-widget-container\">\n\t\t\t\t\t\t\t\t\t<p><strong>Env\u00edos<\/strong><\/p><p>Una vez realizado el pedido, el plazo de entrega en la direcci\u00f3n solicitada es de <b>1 a 3 d\u00edas laborables en pen\u00ednsula y Baleares<\/b>.\u00a0<\/p><p>*El plazo de env\u00edo puede variar en funci\u00f3n de per\u00edodos festivos como Navidad, Semana Santa o Black Friday.<\/p><p>El env\u00edo es gratuito para la <strong>pen\u00ednsula Ib\u00e9rica y\u00a0Baleares<\/strong>. No realizamos env\u00edo a Islas Canarias, Ceuta y Melilla, pero si resides en alguno de estos territorios, puedes ponerte en contacto con info@soniapena.com y podremos valorar opciones de env\u00edo para estos casos.<\/p><p><b>Cambios y devoluciones<\/b><\/p><p>Una vez recibido el pedido, dispones de <b>15 d\u00edas naturales para cambios o devoluciones<\/b>. Se permite un \u00fanico cambio de talla sin coste de env\u00edo a\u00f1adido. Si se necesita un segundo cambio o m\u00e1s, deber\u00e1 abonarse un nuevo coste de env\u00edo de 6\u20ac en pen\u00ednsula y de 9\u20ac si resides en Baleares.<\/p><p>\u00danicamente se aceptar\u00e1 el cambio o la devoluci\u00f3n del importe abonado, siempre que los art\u00edculos se devuelvan en las mismas condiciones en las que fue vendido, en su embalaje original y sin indicios de uso. Una vez hechas las comprobaciones necesarias y confirmado el estado \u00f3ptimo del producto, procederemos al reembolso de tu pedido.<\/p><p>Si por el contrario, el pedido se encuentra excedido de plazo, deteriorado, incompleto o con indicios de uso, no se aceptar\u00e1 el reembolso o cambio en ning\u00fan art\u00edculo manipulado o modificado a petici\u00f3n del cliente.\u00a0<\/p><p>Si deseas solicitar un cambio o devoluci\u00f3n, rellena el siguiente formulario:<\/p>\t\t\t\t\t\t\t\t<\/div>\n\t\t\t\t<\/div>\n\t\t\t\t<div class=\"elementor-element elementor-element-d3cc820 elementor-widget elementor-widget-button\" data-id=\"d3cc820\" data-element_type=\"widget\" data-e-type=\"widget\" data-widget_type=\"button.default\">\n\t\t\t\t<div class=\"elementor-widget-container\">\n\t\t\t\t\t\t\t\t\t<div class=\"elementor-button-wrapper\">\n\t\t\t\t\t<a class=\"elementor-button elementor-button-link elementor-size-sm\" href=\"#elementor-action%3Aaction%3Dpopup%3Aopen%26settings%3DeyJpZCI6Njc5NiwidG9nZ2xlIjpmYWxzZX0%3D\">\n\t\t\t\t\t\t<span class=\"elementor-button-content-wrapper\">\n\t\t\t\t\t\t\t\t\t<span class=\"elementor-button-text\">Solicitar cambio o devoluci\u00f3n<\/span>\n\t\t\t\t\t<\/span>\n\t\t\t\t\t<\/a>\n\t\t\t\t<\/div>\n\t\t\t\t\t\t\t\t<\/div>\n\t\t\t\t<\/div>\n\t\t\t\t\t<\/div>\n\t\t\t\t<\/div>\n\t\t\t\t<\/div>\n\t\t","protected":false},"excerpt":{"rendered":"<p>Env\u00edos y devoluciones Env\u00edos Una vez realizado el pedido, el plazo de entrega en la direcci\u00f3n solicitada es de 1 a 3 d\u00edas laborables en pen\u00ednsula y Baleares.\u00a0 *El plazo de env\u00edo puede variar en funci\u00f3n de per\u00edodos festivos como Navidad, Semana Santa o Black Friday. El env\u00edo es gratuito para la pen\u00ednsula Ib\u00e9rica y\u00a0Baleares. [&hellip;]<\/p>\n","protected":false},"author":1,"featured_media":0,"parent":0,"menu_order":0,"comment_status":"closed","ping_status":"closed","template":"","meta":{"_joinchat":[],"footnotes":""},"class_list":["post-1153","page","type-page","status-publish","hentry"],"_links":{"self":[{"href":"https:\/\/soniapena.com\/en\/wp-json\/wp\/v2\/pages\/1153","targetHints":{"allow":["GET"]}}],"collection":[{"href":"https:\/\/soniapena.com\/en\/wp-json\/wp\/v2\/pages"}],"about":[{"href":"https:\/\/soniapena.com\/en\/wp-json\/wp\/v2\/types\/page"}],"author":[{"embeddable":true,"href":"https:\/\/soniapena.com\/en\/wp-json\/wp\/v2\/users\/1"}],"replies":[{"embeddable":true,"href":"https:\/\/soniapena.com\/en\/wp-json\/wp\/v2\/comments?post=1153"}],"version-history":[{"count":43,"href":"https:\/\/soniapena.com\/en\/wp-json\/wp\/v2\/pages\/1153\/revisions"}],"predecessor-version":[{"id":20509,"href":"https:\/\/soniapena.com\/en\/wp-json\/wp\/v2\/pages\/1153\/revisions\/20509"}],"wp:attachment":[{"href":"https:\/\/soniapena.com\/en\/wp-json\/wp\/v2\/media?parent=1153"}],"curies":[{"name":"wp","href":"https:\/\/api.w.org\/{rel}","templated":true}]}}