{"id":8252,"date":"2025-02-03T16:02:21","date_gmt":"2025-02-03T15:02:21","guid":{"rendered":"https:\/\/lucid-fermi.217-18-163-79.plesk.page\/trolley\/"},"modified":"2026-01-31T00:27:26","modified_gmt":"2026-01-30T23:27:26","slug":"trolley","status":"publish","type":"page","link":"https:\/\/soniapena.com\/en\/trolley\/","title":{"rendered":"Trolley"},"content":{"rendered":"\t\t<div data-elementor-type=\"wp-page\" data-elementor-id=\"8252\" class=\"elementor elementor-8252 elementor-3012\" data-elementor-post-type=\"page\">\n\t\t\t\t<div class=\"elementor-element elementor-element-e1551aa jedv-enabled--yes e-flex e-con-boxed e-con e-parent\" data-id=\"e1551aa\" data-element_type=\"container\" data-e-type=\"container\" data-settings=\"{&quot;background_background&quot;:&quot;classic&quot;}\">\n\t\t\t\t\t<div class=\"e-con-inner\">\n\t\t<div class=\"elementor-element elementor-element-77232c5 e-con-full e-flex e-con e-child\" data-id=\"77232c5\" data-element_type=\"container\" data-e-type=\"container\" data-settings=\"{&quot;background_background&quot;:&quot;classic&quot;}\">\n\t\t\t\t<div class=\"elementor-element elementor-element-8893440 elementor-widget elementor-widget-image\" data-id=\"8893440\" data-element_type=\"widget\" data-e-type=\"widget\" data-widget_type=\"image.default\">\n\t\t\t\t<div class=\"elementor-widget-container\">\n\t\t\t\t\t\t\t\t\t\t\t\t\t\t\t<img decoding=\"async\" width=\"1\" height=\"1\" src=\"https:\/\/soniapena.com\/wp-content\/uploads\/2025\/03\/eye-off.svg\" class=\" attachment-medium size-medium wp-image-9834\" alt=\"\" \/>\t\t\t\t\t\t\t\t\t\t\t\t\t\t\t<\/div>\n\t\t\t\t<\/div>\n\t\t\t\t<div class=\"elementor-element elementor-element-d99d0f6 elementor-widget elementor-widget-text-editor\" data-id=\"d99d0f6\" data-element_type=\"widget\" data-e-type=\"widget\" data-widget_type=\"text-editor.default\">\n\t\t\t\t<div class=\"elementor-widget-container\">\n\t\t\t\t\t\t\t\t\t<p>Sorry, this content is not available for your location.<\/p>\t\t\t\t\t\t\t\t<\/div>\n\t\t\t\t<\/div>\n\t\t\t\t<div class=\"elementor-element elementor-element-d11b970 elementor-align-center elementor-widget elementor-widget-button\" data-id=\"d11b970\" data-element_type=\"widget\" data-e-type=\"widget\" data-widget_type=\"button.default\">\n\t\t\t\t<div class=\"elementor-widget-container\">\n\t\t\t\t\t\t\t\t\t<div class=\"elementor-button-wrapper\">\n\t\t\t\t\t<a class=\"elementor-button elementor-button-link elementor-size-sm\" href=\"https:\/\/soniapena.com\/en\/\">\n\t\t\t\t\t\t<span class=\"elementor-button-content-wrapper\">\n\t\t\t\t\t\t\t\t\t<span class=\"elementor-button-text\">Go to the home page<\/span>\n\t\t\t\t\t<\/span>\n\t\t\t\t\t<\/a>\n\t\t\t\t<\/div>\n\t\t\t\t\t\t\t\t<\/div>\n\t\t\t\t<\/div>\n\t\t\t\t<\/div>\n\t\t\t\t\t<\/div>\n\t\t\t\t<\/div>\n\t\t\t\t<\/div>\n\t\t","protected":false},"excerpt":{"rendered":"<p>Your cart Zona de coincidencia con el cliente \u00abEspa\u00f1a (Excluido Canarias, Ceuta y Melilla)\u00bb Eliminar art\u00edculo Imagen en miniatura Producto Precio Cantidad Subtotal &times; 1250096 &#8211; 38, Negro 279,20&nbsp;&euro; 1250096 &#8211; 38, Negro cantidad 279,20&nbsp;&euro; Order summary Subtotal 279,20&nbsp;&euro; Env\u00edo Env\u00edo gratuito Enviar a Avenida del Test, 1, 29000 M\u00e1laga, M\u00e1laga. Total 279,20&nbsp;&euro; Finish order [&hellip;]<\/p>\n","protected":false},"author":1,"featured_media":0,"parent":0,"menu_order":0,"comment_status":"closed","ping_status":"closed","template":"","meta":{"_joinchat":[],"footnotes":""},"class_list":["post-8252","page","type-page","status-publish","hentry"],"_links":{"self":[{"href":"https:\/\/soniapena.com\/en\/wp-json\/wp\/v2\/pages\/8252","targetHints":{"allow":["GET"]}}],"collection":[{"href":"https:\/\/soniapena.com\/en\/wp-json\/wp\/v2\/pages"}],"about":[{"href":"https:\/\/soniapena.com\/en\/wp-json\/wp\/v2\/types\/page"}],"author":[{"embeddable":true,"href":"https:\/\/soniapena.com\/en\/wp-json\/wp\/v2\/users\/1"}],"replies":[{"embeddable":true,"href":"https:\/\/soniapena.com\/en\/wp-json\/wp\/v2\/comments?post=8252"}],"version-history":[{"count":2,"href":"https:\/\/soniapena.com\/en\/wp-json\/wp\/v2\/pages\/8252\/revisions"}],"predecessor-version":[{"id":17267,"href":"https:\/\/soniapena.com\/en\/wp-json\/wp\/v2\/pages\/8252\/revisions\/17267"}],"wp:attachment":[{"href":"https:\/\/soniapena.com\/en\/wp-json\/wp\/v2\/media?parent=8252"}],"curies":[{"name":"wp","href":"https:\/\/api.w.org\/{rel}","templated":true}]}}