{"id":7825,"date":"2025-01-29T15:13:52","date_gmt":"2025-01-29T14:13:52","guid":{"rendered":"https:\/\/lucid-fermi.217-18-163-79.plesk.page\/questions-frequemment-posees\/"},"modified":"2026-01-31T00:27:00","modified_gmt":"2026-01-30T23:27:00","slug":"questions-frequemment-posees","status":"publish","type":"page","link":"https:\/\/soniapena.com\/fr\/questions-frequemment-posees\/","title":{"rendered":"Questions fr\u00e9quemment pos\u00e9es"},"content":{"rendered":"\t\t<div data-elementor-type=\"wp-page\" data-elementor-id=\"7825\" class=\"elementor elementor-7825 elementor-1185\" data-elementor-post-type=\"page\">\n\t\t\t\t<div class=\"elementor-element elementor-element-bfe9d71 jedv-enabled--yes e-flex e-con-boxed e-con e-parent\" data-id=\"bfe9d71\" data-element_type=\"container\" data-e-type=\"container\" data-settings=\"{&quot;background_background&quot;:&quot;classic&quot;}\">\n\t\t\t\t\t<div class=\"e-con-inner\">\n\t\t<div class=\"elementor-element elementor-element-ca7ee47 e-con-full e-flex e-con e-child\" data-id=\"ca7ee47\" data-element_type=\"container\" data-e-type=\"container\" data-settings=\"{&quot;background_background&quot;:&quot;classic&quot;}\">\n\t\t\t\t<div class=\"elementor-element elementor-element-9992c9d elementor-widget elementor-widget-image\" data-id=\"9992c9d\" data-element_type=\"widget\" data-e-type=\"widget\" data-widget_type=\"image.default\">\n\t\t\t\t<div class=\"elementor-widget-container\">\n\t\t\t\t\t\t\t\t\t\t\t\t\t\t\t<img decoding=\"async\" width=\"1\" height=\"1\" src=\"https:\/\/soniapena.com\/wp-content\/uploads\/2025\/03\/eye-off.svg\" class=\" attachment-medium size-medium wp-image-9835\" alt=\"\" \/>\t\t\t\t\t\t\t\t\t\t\t\t\t\t\t<\/div>\n\t\t\t\t<\/div>\n\t\t\t\t<div class=\"elementor-element elementor-element-f454654 elementor-widget elementor-widget-text-editor\" data-id=\"f454654\" data-element_type=\"widget\" data-e-type=\"widget\" data-widget_type=\"text-editor.default\">\n\t\t\t\t<div class=\"elementor-widget-container\">\n\t\t\t\t\t\t\t\t\t<p>D\u00e9sol\u00e9, ce contenu n&rsquo;est pas disponible dans votre r\u00e9gion.<\/p>\t\t\t\t\t\t\t\t<\/div>\n\t\t\t\t<\/div>\n\t\t\t\t<div class=\"elementor-element elementor-element-83c7e5d elementor-align-center elementor-widget elementor-widget-button\" data-id=\"83c7e5d\" data-element_type=\"widget\" data-e-type=\"widget\" data-widget_type=\"button.default\">\n\t\t\t\t<div class=\"elementor-widget-container\">\n\t\t\t\t\t\t\t\t\t<div class=\"elementor-button-wrapper\">\n\t\t\t\t\t<a class=\"elementor-button elementor-button-link elementor-size-sm\" href=\"https:\/\/soniapena.com\/fr\/\">\n\t\t\t\t\t\t<span class=\"elementor-button-content-wrapper\">\n\t\t\t\t\t\t\t\t\t<span class=\"elementor-button-text\">Acc\u00e9der \u00e0 la page d'accueil<\/span>\n\t\t\t\t\t<\/span>\n\t\t\t\t\t<\/a>\n\t\t\t\t<\/div>\n\t\t\t\t\t\t\t\t<\/div>\n\t\t\t\t<\/div>\n\t\t\t\t<\/div>\n\t\t\t\t\t<\/div>\n\t\t\t\t<\/div>\n\t\t\t\t<\/div>\n\t\t","protected":false},"excerpt":{"rendered":"<p>Questions fr\u00e9quemment pos\u00e9es QUAND RECEVRAI-JE MA COMMANDE ? Une fois la commande pass\u00e9e, le d\u00e9lai de livraison est de 1 \u00e0 3 jours ouvrables. QUELS SONT LES FRAIS D&rsquo;EXP\u00c9DITION ? Les frais de port sont de 6 \u20ac pour l&#8217;Espagne continentale et de 9 \u20ac pour les \u00eeles Bal\u00e9ares. LIVREZ-VOUS AUX \u00ceLES CANARIES, \u00c0 CEUTA [&hellip;]<\/p>\n","protected":false},"author":1,"featured_media":0,"parent":0,"menu_order":0,"comment_status":"closed","ping_status":"closed","template":"","meta":{"_joinchat":[],"footnotes":""},"class_list":["post-7825","page","type-page","status-publish","hentry"],"_links":{"self":[{"href":"https:\/\/soniapena.com\/fr\/wp-json\/wp\/v2\/pages\/7825","targetHints":{"allow":["GET"]}}],"collection":[{"href":"https:\/\/soniapena.com\/fr\/wp-json\/wp\/v2\/pages"}],"about":[{"href":"https:\/\/soniapena.com\/fr\/wp-json\/wp\/v2\/types\/page"}],"author":[{"embeddable":true,"href":"https:\/\/soniapena.com\/fr\/wp-json\/wp\/v2\/users\/1"}],"replies":[{"embeddable":true,"href":"https:\/\/soniapena.com\/fr\/wp-json\/wp\/v2\/comments?post=7825"}],"version-history":[{"count":5,"href":"https:\/\/soniapena.com\/fr\/wp-json\/wp\/v2\/pages\/7825\/revisions"}],"predecessor-version":[{"id":17198,"href":"https:\/\/soniapena.com\/fr\/wp-json\/wp\/v2\/pages\/7825\/revisions\/17198"}],"wp:attachment":[{"href":"https:\/\/soniapena.com\/fr\/wp-json\/wp\/v2\/media?parent=7825"}],"curies":[{"name":"wp","href":"https:\/\/api.w.org\/{rel}","templated":true}]}}