{"id":7935,"date":"2025-01-29T12:52:54","date_gmt":"2025-01-29T11:52:54","guid":{"rendered":"https:\/\/lucid-fermi.217-18-163-79.plesk.page\/domaine-professionnel\/"},"modified":"2025-06-24T13:44:01","modified_gmt":"2025-06-24T11:44:01","slug":"domaine-professionnel","status":"publish","type":"page","link":"https:\/\/soniapena.com\/fr\/domaine-professionnel\/","title":{"rendered":"Domaine professionnel"},"content":{"rendered":"\t\t<div data-elementor-type=\"wp-page\" data-elementor-id=\"7935\" class=\"elementor elementor-7935 elementor-1107\" data-elementor-post-type=\"page\">\n\t\t\t\t<div class=\"elementor-element elementor-element-65a53bc e-flex e-con-boxed e-con e-parent\" data-id=\"65a53bc\" data-element_type=\"container\" data-e-type=\"container\">\n\t\t\t\t\t<div class=\"e-con-inner\">\n\t\t<div class=\"elementor-element elementor-element-435f154 e-con-full e-flex e-con e-child\" data-id=\"435f154\" data-element_type=\"container\" data-e-type=\"container\">\n\t\t\t\t<div class=\"elementor-element elementor-element-c1595a4 elementor-widget elementor-widget-image\" data-id=\"c1595a4\" data-element_type=\"widget\" data-e-type=\"widget\" data-widget_type=\"image.default\">\n\t\t\t\t<div class=\"elementor-widget-container\">\n\t\t\t\t\t\t\t\t\t\t\t\t\t\t\t\t<a href=\"https:\/\/lookbook.soniapena.com\/\">\n\t\t\t\t\t\t\t<img fetchpriority=\"high\" decoding=\"async\" width=\"1080\" height=\"1080\" src=\"https:\/\/soniapena.com\/wp-content\/uploads\/2025\/06\/SONIA-PENA-POST-1080X1080-FBLINKEDIN.png\" class=\" attachment-full size-full wp-image-10363\" alt=\"\" srcset=\"https:\/\/soniapena.com\/wp-content\/uploads\/2025\/06\/SONIA-PENA-POST-1080X1080-FBLINKEDIN.png 1080w, https:\/\/soniapena.com\/wp-content\/uploads\/2025\/06\/SONIA-PENA-POST-1080X1080-FBLINKEDIN-300x300.png 300w, https:\/\/soniapena.com\/wp-content\/uploads\/2025\/06\/SONIA-PENA-POST-1080X1080-FBLINKEDIN-1024x1024.png 1024w, https:\/\/soniapena.com\/wp-content\/uploads\/2025\/06\/SONIA-PENA-POST-1080X1080-FBLINKEDIN-150x150.png 150w, https:\/\/soniapena.com\/wp-content\/uploads\/2025\/06\/SONIA-PENA-POST-1080X1080-FBLINKEDIN-768x768.png 768w, https:\/\/soniapena.com\/wp-content\/uploads\/2025\/06\/SONIA-PENA-POST-1080X1080-FBLINKEDIN-100x100.png 100w, https:\/\/soniapena.com\/wp-content\/uploads\/2025\/06\/SONIA-PENA-POST-1080X1080-FBLINKEDIN-50x50.png 50w\" sizes=\"(max-width: 1080px) 100vw, 1080px\" \/>\t\t\t\t\t\t\t\t<\/a>\n\t\t\t\t\t\t\t\t\t\t\t\t\t\t\t<\/div>\n\t\t\t\t<\/div>\n\t\t\t\t<div class=\"elementor-element elementor-element-e46b150 elementor-align-center elementor-widget elementor-widget-button\" data-id=\"e46b150\" data-element_type=\"widget\" data-e-type=\"widget\" data-widget_type=\"button.default\">\n\t\t\t\t<div class=\"elementor-widget-container\">\n\t\t\t\t\t\t\t\t\t<div class=\"elementor-button-wrapper\">\n\t\t\t\t\t<a class=\"elementor-button elementor-button-link elementor-size-sm\" href=\"https:\/\/lookbook.soniapena.com\/\">\n\t\t\t\t\t\t<span class=\"elementor-button-content-wrapper\">\n\t\t\t\t\t\t\t\t\t<span class=\"elementor-button-text\">ACC\u00c9DEZ AU LOOKBOOK NUM\u00c9RIQUE<\/span>\n\t\t\t\t\t<\/span>\n\t\t\t\t\t<\/a>\n\t\t\t\t<\/div>\n\t\t\t\t\t\t\t\t<\/div>\n\t\t\t\t<\/div>\n\t\t\t\t<\/div>\n\t\t<div class=\"elementor-element elementor-element-9d5e48b e-con-full e-flex e-con e-child\" data-id=\"9d5e48b\" data-element_type=\"container\" data-e-type=\"container\">\n\t\t\t\t<div class=\"elementor-element elementor-element-6614a63 elementor-widget elementor-widget-image\" data-id=\"6614a63\" data-element_type=\"widget\" data-e-type=\"widget\" data-widget_type=\"image.default\">\n\t\t\t\t<div class=\"elementor-widget-container\">\n\t\t\t\t\t\t\t\t\t\t\t\t\t\t\t\t<a href=\"https:\/\/areaprofesional.soniapena.com\">\n\t\t\t\t\t\t\t<img decoding=\"async\" width=\"1080\" height=\"1080\" src=\"https:\/\/soniapena.com\/wp-content\/uploads\/2025\/01\/2-1.jpg\" class=\" attachment-full size-full wp-image-3278\" alt=\"\" srcset=\"https:\/\/soniapena.com\/wp-content\/uploads\/2025\/01\/2-1.jpg 1080w, https:\/\/soniapena.com\/wp-content\/uploads\/2025\/01\/2-1-300x300.jpg 300w, https:\/\/soniapena.com\/wp-content\/uploads\/2025\/01\/2-1-100x100.jpg 100w, https:\/\/soniapena.com\/wp-content\/uploads\/2025\/01\/2-1-1024x1024.jpg 1024w, https:\/\/soniapena.com\/wp-content\/uploads\/2025\/01\/2-1-150x150.jpg 150w, https:\/\/soniapena.com\/wp-content\/uploads\/2025\/01\/2-1-768x768.jpg 768w\" sizes=\"(max-width: 1080px) 100vw, 1080px\" \/>\t\t\t\t\t\t\t\t<\/a>\n\t\t\t\t\t\t\t\t\t\t\t\t\t\t\t<\/div>\n\t\t\t\t<\/div>\n\t\t\t\t<div class=\"elementor-element elementor-element-5d0c594 elementor-align-center elementor-widget elementor-widget-button\" data-id=\"5d0c594\" data-element_type=\"widget\" data-e-type=\"widget\" data-widget_type=\"button.default\">\n\t\t\t\t<div class=\"elementor-widget-container\">\n\t\t\t\t\t\t\t\t\t<div class=\"elementor-button-wrapper\">\n\t\t\t\t\t<a class=\"elementor-button elementor-button-link elementor-size-sm\" href=\"https:\/\/areaprofesional.soniapena.com\/inicio\/\">\n\t\t\t\t\t\t<span class=\"elementor-button-content-wrapper\">\n\t\t\t\t\t\t\t\t\t<span class=\"elementor-button-text\">ACC\u00c9DER \u00c0 L'ESPACE PROFESSIONNEL<\/span>\n\t\t\t\t\t<\/span>\n\t\t\t\t\t<\/a>\n\t\t\t\t<\/div>\n\t\t\t\t\t\t\t\t<\/div>\n\t\t\t\t<\/div>\n\t\t\t\t<\/div>\n\t\t\t\t\t<\/div>\n\t\t\t\t<\/div>\n\t\t\t\t<\/div>\n\t\t","protected":false},"excerpt":{"rendered":"<p>ACC\u00c9DEZ AU LOOKBOOK NUM\u00c9RIQUE ACC\u00c9DER \u00c0 L&rsquo;ESPACE PROFESSIONNEL<\/p>\n","protected":false},"author":1,"featured_media":0,"parent":0,"menu_order":0,"comment_status":"closed","ping_status":"closed","template":"","meta":{"_joinchat":[],"footnotes":""},"class_list":["post-7935","page","type-page","status-publish","hentry"],"_links":{"self":[{"href":"https:\/\/soniapena.com\/fr\/wp-json\/wp\/v2\/pages\/7935","targetHints":{"allow":["GET"]}}],"collection":[{"href":"https:\/\/soniapena.com\/fr\/wp-json\/wp\/v2\/pages"}],"about":[{"href":"https:\/\/soniapena.com\/fr\/wp-json\/wp\/v2\/types\/page"}],"author":[{"embeddable":true,"href":"https:\/\/soniapena.com\/fr\/wp-json\/wp\/v2\/users\/1"}],"replies":[{"embeddable":true,"href":"https:\/\/soniapena.com\/fr\/wp-json\/wp\/v2\/comments?post=7935"}],"version-history":[{"count":3,"href":"https:\/\/soniapena.com\/fr\/wp-json\/wp\/v2\/pages\/7935\/revisions"}],"predecessor-version":[{"id":10375,"href":"https:\/\/soniapena.com\/fr\/wp-json\/wp\/v2\/pages\/7935\/revisions\/10375"}],"wp:attachment":[{"href":"https:\/\/soniapena.com\/fr\/wp-json\/wp\/v2\/media?parent=7935"}],"curies":[{"name":"wp","href":"https:\/\/api.w.org\/{rel}","templated":true}]}}