{"id":7814,"date":"2025-01-29T13:44:38","date_gmt":"2025-01-29T12:44:38","guid":{"rendered":"https:\/\/lucid-fermi.217-18-163-79.plesk.page\/spedizione-e-restituzione\/"},"modified":"2026-04-23T12:50:21","modified_gmt":"2026-04-23T10:50:21","slug":"spedizione-e-restituzione","status":"publish","type":"page","link":"https:\/\/soniapena.com\/it\/spedizione-e-restituzione\/","title":{"rendered":"Spedizione e restituzione"},"content":{"rendered":"\t\t<div data-elementor-type=\"wp-page\" data-elementor-id=\"7814\" class=\"elementor elementor-7814 elementor-1153\" data-elementor-post-type=\"page\">\n\t\t\t\t<div class=\"elementor-element elementor-element-a1f8c86 e-flex e-con-boxed e-con e-parent\" data-id=\"a1f8c86\" data-element_type=\"container\" data-e-type=\"container\">\n\t\t\t\t\t<div class=\"e-con-inner\">\n\t\t\t\t<div class=\"elementor-element elementor-element-78eff7c elementor-widget elementor-widget-heading\" data-id=\"78eff7c\" data-element_type=\"widget\" data-e-type=\"widget\" data-widget_type=\"heading.default\">\n\t\t\t\t<div class=\"elementor-widget-container\">\n\t\t\t\t\t<h2 class=\"elementor-heading-title elementor-size-default\">Spedizione e restituzione<\/h2>\t\t\t\t<\/div>\n\t\t\t\t<\/div>\n\t\t\t\t<div class=\"elementor-element elementor-element-ac9356e elementor-widget elementor-widget-text-editor\" data-id=\"ac9356e\" data-element_type=\"widget\" data-e-type=\"widget\" data-widget_type=\"text-editor.default\">\n\t\t\t\t<div class=\"elementor-widget-container\">\n\t\t\t\t\t\t\t\t\t<p><strong>Spedizione<\/strong><\/p><p>Una volta effettuato l&#8217;ordine, i tempi di consegna all&#8217;indirizzo richiesto vanno <b>da 1 a 3 giorni lavorativi nella Spagna continentale e nelle Isole Baleari.<\/b> <\/p><p>*I tempi di consegna possono variare a seconda dei periodi di festa come Natale, Pasqua o Black Friday.<\/p><p>La spedizione \u00e8 gratuita per la <strong>Penisola Iberica e le Isole Baleari<\/strong>. Non effettuiamo spedizioni verso le Isole Canarie, Ceuta e Melilla, ma se vivi in uno di questi territori, puoi contattare info@soniapena.com e potremo valutare le opzioni di spedizione per questi casi.<\/p><p><b>Resi e cambi<\/b><\/p><p>Una volta ricevuto l&#8217;ordine, hai <b>15 giorni di calendario per effettuare cambi o restituzioni<\/b>. \u00c8 consentito il cambio di una sola taglia senza costi di spedizione aggiuntivi. Se \u00e8 necessario un secondo o pi\u00f9 cambi, verr\u00e0 addebitato un nuovo costo di spedizione di 6 \u20ac nella penisola e di 9 \u20ac se vivi nelle Isole Baleari.  <\/p><p>Accetteremo un cambio o un rimborso dell&#8217;importo pagato solo a condizione che gli articoli vengano restituiti nelle stesse condizioni in cui sono stati venduti, nella loro confezione originale e senza segni di utilizzo. Una volta effettuati i controlli necessari e confermate le condizioni ottimali del prodotto, procederemo al rimborso dell&#8217;ordine. <\/p><p>Se invece l&#8217;ordine \u00e8 scaduto, danneggiato, incompleto o presenta segni d&#8217;uso, non saranno accettati rimborsi o cambi su articoli che siano stati manomessi o modificati su richiesta del cliente.  <\/p><p>Se desideri richiedere un cambio o un rimborso, compila il modulo sottostante:<\/p>\t\t\t\t\t\t\t\t<\/div>\n\t\t\t\t<\/div>\n\t\t\t\t<div class=\"elementor-element elementor-element-d3cc820 elementor-widget elementor-widget-button\" data-id=\"d3cc820\" data-element_type=\"widget\" data-e-type=\"widget\" data-widget_type=\"button.default\">\n\t\t\t\t<div class=\"elementor-widget-container\">\n\t\t\t\t\t\t\t\t\t<div class=\"elementor-button-wrapper\">\n\t\t\t\t\t<a class=\"elementor-button elementor-button-link elementor-size-sm\" href=\"#elementor-action%3Aaction%3Dpopup%3Aopen%26settings%3DeyJpZCI6NjgwMiwidG9nZ2xlIjpmYWxzZX0%3D\">\n\t\t\t\t\t\t<span class=\"elementor-button-content-wrapper\">\n\t\t\t\t\t\t\t\t\t<span class=\"elementor-button-text\">Richiedi un cambio o un rimborso<\/span>\n\t\t\t\t\t<\/span>\n\t\t\t\t\t<\/a>\n\t\t\t\t<\/div>\n\t\t\t\t\t\t\t\t<\/div>\n\t\t\t\t<\/div>\n\t\t\t\t\t<\/div>\n\t\t\t\t<\/div>\n\t\t\t\t<\/div>\n\t\t","protected":false},"excerpt":{"rendered":"<p>Spedizione e restituzione Spedizione Una volta effettuato l&#8217;ordine, i tempi di consegna all&#8217;indirizzo richiesto vanno da 1 a 3 giorni lavorativi nella Spagna continentale e nelle Isole Baleari. *I tempi di consegna possono variare a seconda dei periodi di festa come Natale, Pasqua o Black Friday. La spedizione \u00e8 gratuita per la Penisola Iberica e [&hellip;]<\/p>\n","protected":false},"author":1,"featured_media":0,"parent":0,"menu_order":0,"comment_status":"closed","ping_status":"closed","template":"","meta":{"_joinchat":[],"footnotes":""},"class_list":["post-7814","page","type-page","status-publish","hentry"],"_links":{"self":[{"href":"https:\/\/soniapena.com\/it\/wp-json\/wp\/v2\/pages\/7814","targetHints":{"allow":["GET"]}}],"collection":[{"href":"https:\/\/soniapena.com\/it\/wp-json\/wp\/v2\/pages"}],"about":[{"href":"https:\/\/soniapena.com\/it\/wp-json\/wp\/v2\/types\/page"}],"author":[{"embeddable":true,"href":"https:\/\/soniapena.com\/it\/wp-json\/wp\/v2\/users\/1"}],"replies":[{"embeddable":true,"href":"https:\/\/soniapena.com\/it\/wp-json\/wp\/v2\/comments?post=7814"}],"version-history":[{"count":4,"href":"https:\/\/soniapena.com\/it\/wp-json\/wp\/v2\/pages\/7814\/revisions"}],"predecessor-version":[{"id":20511,"href":"https:\/\/soniapena.com\/it\/wp-json\/wp\/v2\/pages\/7814\/revisions\/20511"}],"wp:attachment":[{"href":"https:\/\/soniapena.com\/it\/wp-json\/wp\/v2\/media?parent=7814"}],"curies":[{"name":"wp","href":"https:\/\/api.w.org\/{rel}","templated":true}]}}