{"id":7815,"date":"2025-01-29T15:13:52","date_gmt":"2025-01-29T14:13:52","guid":{"rendered":"https:\/\/lucid-fermi.217-18-163-79.plesk.page\/domande-frequenti\/"},"modified":"2026-01-31T00:27:00","modified_gmt":"2026-01-30T23:27:00","slug":"domande-frequenti","status":"publish","type":"page","link":"https:\/\/soniapena.com\/it\/domande-frequenti\/","title":{"rendered":"Domande frequenti"},"content":{"rendered":"\t\t<div data-elementor-type=\"wp-page\" data-elementor-id=\"7815\" class=\"elementor elementor-7815 elementor-1185\" data-elementor-post-type=\"page\">\n\t\t\t\t<div class=\"elementor-element elementor-element-bfe9d71 jedv-enabled--yes e-flex e-con-boxed e-con e-parent\" data-id=\"bfe9d71\" data-element_type=\"container\" data-e-type=\"container\" data-settings=\"{&quot;background_background&quot;:&quot;classic&quot;}\">\n\t\t\t\t\t<div class=\"e-con-inner\">\n\t\t<div class=\"elementor-element elementor-element-ca7ee47 e-con-full e-flex e-con e-child\" data-id=\"ca7ee47\" data-element_type=\"container\" data-e-type=\"container\" data-settings=\"{&quot;background_background&quot;:&quot;classic&quot;}\">\n\t\t\t\t<div class=\"elementor-element elementor-element-9992c9d elementor-widget elementor-widget-image\" data-id=\"9992c9d\" data-element_type=\"widget\" data-e-type=\"widget\" data-widget_type=\"image.default\">\n\t\t\t\t<div class=\"elementor-widget-container\">\n\t\t\t\t\t\t\t\t\t\t\t\t\t\t\t<img decoding=\"async\" width=\"1\" height=\"1\" src=\"https:\/\/soniapena.com\/wp-content\/uploads\/2025\/03\/eye-off.svg\" class=\" attachment-medium size-medium wp-image-9837\" alt=\"\" \/>\t\t\t\t\t\t\t\t\t\t\t\t\t\t\t<\/div>\n\t\t\t\t<\/div>\n\t\t\t\t<div class=\"elementor-element elementor-element-f454654 elementor-widget elementor-widget-text-editor\" data-id=\"f454654\" data-element_type=\"widget\" data-e-type=\"widget\" data-widget_type=\"text-editor.default\">\n\t\t\t\t<div class=\"elementor-widget-container\">\n\t\t\t\t\t\t\t\t\t<p>Siamo spiacenti, questo contenuto non \u00e8 disponibile per la tua localit\u00e0.<\/p>\t\t\t\t\t\t\t\t<\/div>\n\t\t\t\t<\/div>\n\t\t\t\t<div class=\"elementor-element elementor-element-83c7e5d elementor-align-center elementor-widget elementor-widget-button\" data-id=\"83c7e5d\" data-element_type=\"widget\" data-e-type=\"widget\" data-widget_type=\"button.default\">\n\t\t\t\t<div class=\"elementor-widget-container\">\n\t\t\t\t\t\t\t\t\t<div class=\"elementor-button-wrapper\">\n\t\t\t\t\t<a class=\"elementor-button elementor-button-link elementor-size-sm\" href=\"https:\/\/soniapena.com\/it\/\">\n\t\t\t\t\t\t<span class=\"elementor-button-content-wrapper\">\n\t\t\t\t\t\t\t\t\t<span class=\"elementor-button-text\">Vai alla pagina iniziale<\/span>\n\t\t\t\t\t<\/span>\n\t\t\t\t\t<\/a>\n\t\t\t\t<\/div>\n\t\t\t\t\t\t\t\t<\/div>\n\t\t\t\t<\/div>\n\t\t\t\t<\/div>\n\t\t\t\t\t<\/div>\n\t\t\t\t<\/div>\n\t\t\t\t<\/div>\n\t\t","protected":false},"excerpt":{"rendered":"<p>Domande frequenti QUANDO RICEVER\u00d2 IL MIO ORDINE? Una volta effettuato l&#8217;ordine, i tempi di consegna vanno da 1 a 3 giorni lavorativi. QUAL \u00c8 IL COSTO DELLA SPEDIZIONE? Il costo della spedizione \u00e8 di 6\u20ac per la Spagna continentale e di 9\u20ac per le Isole Baleari. EFFETTUATE CONSEGNE ALLE ISOLE CANARIE, A CEUTA E A [&hellip;]<\/p>\n","protected":false},"author":1,"featured_media":0,"parent":0,"menu_order":0,"comment_status":"closed","ping_status":"closed","template":"","meta":{"_joinchat":[],"footnotes":""},"class_list":["post-7815","page","type-page","status-publish","hentry"],"_links":{"self":[{"href":"https:\/\/soniapena.com\/it\/wp-json\/wp\/v2\/pages\/7815","targetHints":{"allow":["GET"]}}],"collection":[{"href":"https:\/\/soniapena.com\/it\/wp-json\/wp\/v2\/pages"}],"about":[{"href":"https:\/\/soniapena.com\/it\/wp-json\/wp\/v2\/types\/page"}],"author":[{"embeddable":true,"href":"https:\/\/soniapena.com\/it\/wp-json\/wp\/v2\/users\/1"}],"replies":[{"embeddable":true,"href":"https:\/\/soniapena.com\/it\/wp-json\/wp\/v2\/comments?post=7815"}],"version-history":[{"count":3,"href":"https:\/\/soniapena.com\/it\/wp-json\/wp\/v2\/pages\/7815\/revisions"}],"predecessor-version":[{"id":17184,"href":"https:\/\/soniapena.com\/it\/wp-json\/wp\/v2\/pages\/7815\/revisions\/17184"}],"wp:attachment":[{"href":"https:\/\/soniapena.com\/it\/wp-json\/wp\/v2\/media?parent=7815"}],"curies":[{"name":"wp","href":"https:\/\/api.w.org\/{rel}","templated":true}]}}