{"id":7828,"date":"2025-01-29T14:49:26","date_gmt":"2025-01-29T13:49:26","guid":{"rendered":"https:\/\/lucid-fermi.217-18-163-79.plesk.page\/informativa-sui-cookie\/"},"modified":"2026-01-31T00:26:48","modified_gmt":"2026-01-30T23:26:48","slug":"informativa-sui-cookie","status":"publish","type":"page","link":"https:\/\/soniapena.com\/it\/informativa-sui-cookie\/","title":{"rendered":"Informativa sui cookie"},"content":{"rendered":"\t\t<div data-elementor-type=\"wp-page\" data-elementor-id=\"7828\" class=\"elementor elementor-7828 elementor-1165\" data-elementor-post-type=\"page\">\n\t\t\t\t<div class=\"elementor-element elementor-element-0566fe8 e-flex e-con-boxed e-con e-parent\" data-id=\"0566fe8\" data-element_type=\"container\" data-e-type=\"container\">\n\t\t\t\t\t<div class=\"e-con-inner\">\n\t\t\t\t<div class=\"elementor-element elementor-element-222c239 elementor-widget elementor-widget-heading\" data-id=\"222c239\" data-element_type=\"widget\" data-e-type=\"widget\" data-widget_type=\"heading.default\">\n\t\t\t\t<div class=\"elementor-widget-container\">\n\t\t\t\t\t<h1 class=\"elementor-heading-title elementor-size-default\">Informativa sui cookie<\/h1>\t\t\t\t<\/div>\n\t\t\t\t<\/div>\n\t\t\t\t\t<\/div>\n\t\t\t\t<\/div>\n\t\t<div class=\"elementor-element elementor-element-31e61c62 e-flex e-con-boxed e-con e-parent\" data-id=\"31e61c62\" data-element_type=\"container\" data-e-type=\"container\">\n\t\t\t\t\t<div class=\"e-con-inner\">\n\t\t\t\t<div class=\"elementor-element elementor-element-3714f161 elementor-widget elementor-widget-text-editor\" data-id=\"3714f161\" data-element_type=\"widget\" data-e-type=\"widget\" data-widget_type=\"text-editor.default\">\n\t\t\t\t<div class=\"elementor-widget-container\">\n\t\t\t\t\t\t\t\t\t\n<p>L&#8217;accesso al Sito potrebbe comportare l&#8217;utilizzo di cookie. I cookie sono piccole quantit\u00e0 di informazioni che vengono memorizzate nel browser utilizzato da ciascun Utente &#8211; nei diversi dispositivi che possono essere utilizzati per la navigazione &#8211; in modo che il server ricordi determinate informazioni che saranno successivamente lette solo dal server che le ha implementate. I cookie rendono la navigazione pi\u00f9 facile e intuitiva e non danneggiano il dispositivo di navigazione.  <\/p>\n\n<p>I cookie sono procedure automatiche per la raccolta di informazioni relative alle preferenze determinate dall&#8217;Utente durante la sua visita al Sito web, al fine di riconoscerlo come Utente e di personalizzarne l&#8217;esperienza e l&#8217;uso del Sito web, e possono anche, ad esempio, aiutare a identificare e risolvere gli errori.<\/p>\n\n<p>Le informazioni raccolte attraverso i cookie possono includere la data e l&#8217;ora delle visite al Sito, le pagine visualizzate, il tempo trascorso sul Sito e i siti visitati subito prima e subito dopo il Sito. Tuttavia, nessun cookie consente di contattare il numero di telefono dell&#8217;Utente o qualsiasi altro mezzo di contatto personale. Nessun cookie pu\u00f2 estrarre informazioni dal disco rigido dell&#8217;Utente o rubare informazioni personali. L&#8217;unico modo per far s\u00ec che le informazioni private dell&#8217;Utente entrino a far parte del file dei cookie \u00e8 che l&#8217;Utente le fornisca personalmente al server.   <\/p>\n\n<p>I cookie che consentono di identificare una persona sono considerati dati personali. Pertanto, ad essi si applica la suddetta Informativa sulla Privacy. A questo proposito, l&#8217;utilizzo dei cookie richiede il consenso dell&#8217;Utente. Tale consenso sar\u00e0 comunicato, sulla base di una scelta autentica, offerta mediante una decisione affermativa e positiva, prima del trattamento iniziale, rimovibile e documentata.   <\/p>\n\n<p><strong>Biscotti propri<\/strong><\/p>\n\n<p>Si tratta di cookie inviati al computer o al dispositivo dell&#8217;Utente e gestiti esclusivamente da <strong>Sonia Pe\u00f1a S.A.U.<\/strong> per il miglior funzionamento del Sito. Le informazioni raccolte vengono utilizzate per migliorare la qualit\u00e0 del Sito e dei suoi Contenuti e l&#8217;esperienza dell&#8217;Utente. Questi cookie consentono di riconoscere l&#8217;Utente come visitatore ricorrente del Sito e di adattare il contenuto per offrirgli un contenuto adatto alle sue preferenze.  <\/p>\n\n<p><strong>Cookie di terze parti<\/strong><\/p>\n\n<p>Questi cookie sono utilizzati e gestiti da entit\u00e0 esterne che forniscono a <strong>Sonia Pe\u00f1a S.A.U.<\/strong> i servizi richiesti da quest&#8217;ultima per migliorare il Sito e l&#8217;esperienza di navigazione dell&#8217;utente. Gli scopi principali per cui vengono utilizzati i cookie di terze parti sono l&#8217;ottenimento di statistiche di accesso e l&#8217;analisi delle informazioni di navigazione, ovvero le modalit\u00e0 di interazione dell&#8217;Utente con il Sito. <\/p>\n\n<p>Le informazioni ottenute si riferiscono, ad esempio, al numero di pagine visitate, alla lingua, al luogo in cui si trova l&#8217;indirizzo IP da cui l&#8217;Utente accede, al numero di Utenti che accedono, alla frequenza e alla ricorrenza delle visite, all&#8217;ora della visita, al browser utilizzato, all&#8217;operatore o al tipo di dispositivo da cui viene effettuata la visita. Queste informazioni vengono utilizzate per migliorare il Sito e per individuare nuove esigenze al fine di offrire agli Utenti contenuti e\/o servizi di qualit\u00e0 ottimale. In ogni caso, le informazioni vengono raccolte in forma anonima e vengono redatti rapporti sulle tendenze del sito web senza identificare i singoli utenti.  <\/p>\n\n<p>Puoi ottenere maggiori informazioni sui cookie, informazioni sulla privacy o consultare la descrizione del tipo di cookie utilizzati, le loro caratteristiche principali, il periodo di scadenza, ecc. al seguente link: Google Analytics: https:\/\/developers.google.com\/analytics<\/p>\n\n<p>L&#8217;ente o gli enti responsabili della fornitura dei cookie possono trasferire queste informazioni a terzi, se richiesto dalla legge o se una terza parte elabora queste informazioni per questi enti.<\/p>\n\n<p><strong>Disabilitare, rifiutare e cancellare i cookie<\/strong><\/p>\n\n<p>L&#8217;Utente pu\u00f2 disabilitare, rifiutare e cancellare i cookie &#8211; in tutto o in parte &#8211; installati sul proprio dispositivo configurando il proprio browser (tra cui, ad esempio, Chrome, Firefox, Safari, Explorer). A questo proposito, le procedure per rifiutare e cancellare i cookie possono variare da un browser Internet all&#8217;altro. Di conseguenza, l&#8217;Utente deve seguire le istruzioni fornite dal browser Internet che sta utilizzando. Nel caso in cui l&#8217;Utente rifiuti l&#8217;uso dei cookie &#8211; totalmente o parzialmente &#8211; potr\u00e0 continuare a utilizzare il Sito web, anche se l&#8217;uso di alcune sue funzionalit\u00e0 potrebbe essere limitato.   <\/p>\n\t\t\t\t\t\t\t\t<\/div>\n\t\t\t\t<\/div>\n\t\t\t\t\t<\/div>\n\t\t\t\t<\/div>\n\t\t\t\t<\/div>\n\t\t","protected":false},"excerpt":{"rendered":"<p>Informativa sui cookie L&#8217;accesso al Sito potrebbe comportare l&#8217;utilizzo di cookie. I cookie sono piccole quantit\u00e0 di informazioni che vengono memorizzate nel browser utilizzato da ciascun Utente &#8211; nei diversi dispositivi che possono essere utilizzati per la navigazione &#8211; in modo che il server ricordi determinate informazioni che saranno successivamente lette solo dal server che [&hellip;]<\/p>\n","protected":false},"author":1,"featured_media":0,"parent":0,"menu_order":0,"comment_status":"closed","ping_status":"closed","template":"","meta":{"_joinchat":[],"footnotes":""},"class_list":["post-7828","page","type-page","status-publish","hentry"],"_links":{"self":[{"href":"https:\/\/soniapena.com\/it\/wp-json\/wp\/v2\/pages\/7828","targetHints":{"allow":["GET"]}}],"collection":[{"href":"https:\/\/soniapena.com\/it\/wp-json\/wp\/v2\/pages"}],"about":[{"href":"https:\/\/soniapena.com\/it\/wp-json\/wp\/v2\/types\/page"}],"author":[{"embeddable":true,"href":"https:\/\/soniapena.com\/it\/wp-json\/wp\/v2\/users\/1"}],"replies":[{"embeddable":true,"href":"https:\/\/soniapena.com\/it\/wp-json\/wp\/v2\/comments?post=7828"}],"version-history":[{"count":9,"href":"https:\/\/soniapena.com\/it\/wp-json\/wp\/v2\/pages\/7828\/revisions"}],"predecessor-version":[{"id":17172,"href":"https:\/\/soniapena.com\/it\/wp-json\/wp\/v2\/pages\/7828\/revisions\/17172"}],"wp:attachment":[{"href":"https:\/\/soniapena.com\/it\/wp-json\/wp\/v2\/media?parent=7828"}],"curies":[{"name":"wp","href":"https:\/\/api.w.org\/{rel}","templated":true}]}}