{"id":8236,"date":"2025-01-29T13:00:08","date_gmt":"2025-01-29T12:00:08","guid":{"rendered":"https:\/\/lucid-fermi.217-18-163-79.plesk.page\/avviso-legale\/"},"modified":"2026-01-31T00:26:36","modified_gmt":"2026-01-30T23:26:36","slug":"avviso-legale","status":"publish","type":"page","link":"https:\/\/soniapena.com\/it\/avviso-legale\/","title":{"rendered":"Avviso legale"},"content":{"rendered":"\t\t<div data-elementor-type=\"wp-page\" data-elementor-id=\"8236\" class=\"elementor elementor-8236 elementor-1114\" data-elementor-post-type=\"page\">\n\t\t\t\t<div class=\"elementor-element elementor-element-4510955a e-flex e-con-boxed e-con e-parent\" data-id=\"4510955a\" data-element_type=\"container\" data-e-type=\"container\">\n\t\t\t\t\t<div class=\"e-con-inner\">\n\t\t\t\t<div class=\"elementor-element elementor-element-3bc039d elementor-widget elementor-widget-heading\" data-id=\"3bc039d\" data-element_type=\"widget\" data-e-type=\"widget\" data-widget_type=\"heading.default\">\n\t\t\t\t<div class=\"elementor-widget-container\">\n\t\t\t\t\t<h2 class=\"elementor-heading-title elementor-size-default\">Avviso legale<\/h2>\t\t\t\t<\/div>\n\t\t\t\t<\/div>\n\t\t\t\t<div class=\"elementor-element elementor-element-6b7f8620 elementor-widget elementor-widget-text-editor\" data-id=\"6b7f8620\" data-element_type=\"widget\" data-e-type=\"widget\" data-widget_type=\"text-editor.default\">\n\t\t\t\t<div class=\"elementor-widget-container\">\n\t\t\t\t\t\t\t\t\t\n<p><strong>AVVISO LEGALE E CONDIZIONI GENERALI DI UTILIZZO<\/strong><\/p>\n\n<p><strong>I. INFORMAZIONI GENERALI<\/strong><\/p>\n\n<p>In ottemperanza all&#8217;obbligo di informazione previsto dalla Legge 34\/2002 sui Servizi della Societ\u00e0 dell&#8217;Informazione e del Commercio Elettronico (LSSI-CE) dell&#8217;11 luglio, si forniscono di seguito le informazioni generali su questo sito web:<\/p>\n\n<p>La propriet\u00e0 di questo sito web, <strong>www.soniapena.com,<\/strong>(d&#8217;ora in poi, Sito web) \u00e8 di: <strong>Sonia Pe\u00f1a S.A.U.<\/strong>, con NIF: <strong>A29154846<\/strong>, i cui dati di contatto sono:<\/p>\n\n<p>Indirizzo:  <strong>C\/ Concepci\u00f3n Arenal, 27. 29004 M\u00e1laga <\/strong><\/p>\n\n<p>Numero di telefono di contatto: <strong>+34 952 240 368<\/strong><\/p>\n\n<p>Email di contatto: <strong>info@soniapena.com<\/strong><\/p>\n\n<p><strong>II. TERMINI E CONDIZIONI GENERALI DI UTILIZZO <\/strong><\/p>\n\n<p><strong>&#8211; L&#8217;oggetto dei termini e delle condizioni: Il Sito web<\/strong><\/p>\n\n<p>Lo scopo delle presenti Condizioni Generali d&#8217;Uso (di seguito, Condizioni) \u00e8 quello di regolare l&#8217;accesso e l&#8217;utilizzo del Sito web. Ai fini delle presenti Condizioni, per Sito Web si intende: l&#8217;aspetto esterno delle interfacce dello schermo, sia statiche che dinamiche, ovvero l&#8217;albero di navigazione; e tutti gli elementi integrati sia nelle interfacce dello schermo che nell&#8217;albero di navigazione (di seguito, Contenuti) e tutti i servizi o le risorse online che possono essere offerti agli Utenti (di seguito, Servizi). <\/p>\n\n<p>Sonia Pe\u00f1a S.A.U. si riserva il diritto di modificare, in qualsiasi momento e senza preavviso, la presentazione e la configurazione del Sito web e dei Contenuti e Servizi che possono essere incorporati in esso. L&#8217;Utente riconosce e accetta che in qualsiasi momento Sonia Pe\u00f1a S.A.U. potr\u00e0 interrompere, disattivare e\/o cancellare uno qualsiasi di questi elementi inclusi nel Sito o l&#8217;accesso ad essi. <\/p>\n\n<p>L&#8217;accesso al Sito Web da parte dell&#8217;Utente \u00e8 libero e, di norma, gratuito, senza che l&#8217;Utente debba fornire alcun corrispettivo per usufruirne, fatta eccezione per il costo della connessione attraverso la rete di telecomunicazioni fornita dal fornitore di accesso contrattato dall&#8217;Utente.<\/p>\n\n<p>Oltre al costo della connessione attraverso la rete di telecomunicazioni fornita dal fornitore di accesso e contrattata dall&#8217;Utente, alcuni dei Contenuti o dei Servizi offerti da Sonia Pe\u00f1a S.A.U. o, se del caso, da terzi attraverso il Sito web possono essere soggetti alla contrattazione preventiva del Contenuto o del Servizio, nel qual caso le corrispondenti Condizioni Generali o Particolari che lo regolano saranno chiaramente specificate e\/o rese disponibili all&#8217;Utente.<\/p>\n\n<p>L&#8217;utilizzo dei Contenuti o dei Servizi del Sito pu\u00f2 avvenire previa iscrizione o registrazione dell&#8217;Utente.<\/p>\n\n<p>L&#8217;utilizzo del Contenuto non richiede alcun abbonamento o registrazione preventiva.<\/p>\n\n<p><strong>&#8211; L&#8217;utente<\/strong><\/p>\n\n<p>L&#8217;accesso, la navigazione e l&#8217;utilizzo del Sito, cos\u00ec come gli spazi previsti per l&#8217;interazione tra gli Utenti e l&#8217;Utente e Sonia Pe\u00f1a S.A.U., come ad esempio i commenti e\/o gli spazi di blogging, conferiscono la condizione di Utente, e pertanto l&#8217;Utente accetta, dal momento in cui inizia a navigare nel Sito, tutte le Condizioni qui stabilite, cos\u00ec come le loro successive modifiche, fatta salva l&#8217;applicazione delle corrispondenti norme legali di obbligatoriet\u00e0, a seconda dei casi. Data la rilevanza di quanto sopra, si raccomanda all&#8217;Utente di leggerle ogni volta che visita il Sito. <\/p>\n\n<p>Il Sito web di Sonia Pe\u00f1a S.A.U. fornisce un&#8217;ampia gamma di informazioni, servizi e dati. L&#8217;Utente si assume la responsabilit\u00e0 del corretto utilizzo del Sito. Tale responsabilit\u00e0 si estende a:  <\/p>\n\n<ul class=\"wp-block-list\">\n<li>Qualsiasi uso delle informazioni, dei Contenuti e\/o dei Servizi e dei dati offerti da Sonia Pe\u00f1a S.A.U. che sia contrario alle disposizioni delle presenti Condizioni, alla Legge, al buon costume o all&#8217;ordine pubblico, o che in qualsiasi altro modo possa essere lesivo dei diritti di terzi o del funzionamento del Sito.<\/li>\n\n<li>La veridicit\u00e0 e la legalit\u00e0 delle informazioni fornite dall&#8217;Utente nei moduli forniti da Sonia Pe\u00f1a S.A.U. per l&#8217;accesso a determinati Contenuti o Servizi offerti dal Sito. In ogni caso, l&#8217;Utente dovr\u00e0 notificare immediatamente a Sonia Pe\u00f1a S.A.U. qualsiasi evento che consenta l&#8217;uso improprio delle informazioni registrate nei suddetti moduli, quali, a titolo esemplificativo e non esaustivo, il furto, la perdita o l&#8217;accesso non autorizzato a identificativi e\/o password, al fine di procedere alla loro immediata cancellazione. <\/li>\n<\/ul>\n\n<p>Sonia Pe\u00f1a S.A.U. si riserva il diritto di rimuovere tutti i commenti e i contributi che violino la legge, il rispetto della dignit\u00e0 della persona, che siano discriminatori, xenofobi, razzisti, pornografici, di spamming, che minaccino la giovent\u00f9 o l&#8217;infanzia, l&#8217;ordine pubblico o la sicurezza o che, a suo parere, non siano appropriati per la pubblicazione.<\/p>\n\n<p>In ogni caso, Sonia Pe\u00f1a S.A.U. non sar\u00e0 responsabile delle opinioni espresse dagli Utenti attraverso i commenti o altri strumenti di blogging o partecipazione eventualmente disponibili.<\/p>\n\n<p>Il semplice accesso a questo Sito Web non implica alcun tipo di rapporto commerciale tra Sonia Pe\u00f1a S.A.U. e l&#8217;Utente.<\/p>\n\n<p>L&#8217;Utente dichiara di essere maggiorenne e di avere la capacit\u00e0 giuridica sufficiente per essere vincolato dalle presenti Condizioni. Pertanto, questo sito web di Sonia Pe\u00f1a S.A.U. non \u00e8 destinato ai minori. Sonia Pe\u00f1a S.A.U. declina ogni responsabilit\u00e0 per il mancato rispetto di questo requisito.  <\/p>\n\n<p>In conformit\u00e0 con la legislazione vigente, il presente sito web di Sonia Pe\u00f1a S.A.U. \u00e8 destinato a tutte le persone, indipendentemente dalla loro et\u00e0, che possono accedere e\/o navigare nelle pagine del sito.<\/p>\n\n<p>Il Sito \u00e8 destinato principalmente agli utenti residenti in Spagna. Sonia Pe\u00f1a S.A.U. non garantisce che il Sito sia conforme alle leggi di altri paesi, in tutto o in parte. Se l&#8217;Utente risiede o \u00e8 domiciliato in un altro luogo e decide di accedere e\/o navigare nel Sito, lo far\u00e0 sotto la propria responsabilit\u00e0 e dovr\u00e0 assicurarsi che tale accesso e navigazione siano conformi alla legislazione locale applicabile e Sonia Pe\u00f1a S.A.U. non si assume alcuna responsabilit\u00e0 che possa derivare da tale accesso.  <\/p>\n\n<p><strong>III. ACCESSO E NAVIGAZIONE SUL SITO WEB: ESCLUSIONE DI GARANZIE E RESPONSABILIT\u00c0 <\/strong><\/p>\n\n<p>Sonia Pe\u00f1a S.A.U. non garantisce la continuit\u00e0, la disponibilit\u00e0 e l&#8217;utilit\u00e0 del Sito, n\u00e9 dei Contenuti o dei Servizi. Sonia Pe\u00f1a S.A.U. far\u00e0 il possibile per garantire il corretto funzionamento del Sito, tuttavia non \u00e8 responsabile e non garantisce che l&#8217;accesso al Sito sia ininterrotto o privo di errori. <\/p>\n\n<p>Inoltre, Sonia Pe\u00f1a S.A.U. non si assume alcuna responsabilit\u00e0 n\u00e9 garantisce che il contenuto o il software a cui si pu\u00f2 accedere attraverso il Sito sia privo di errori o che provochi danni al sistema informatico dell&#8217;Utente (software e hardware). In nessun caso Sonia Pe\u00f1a S.A.U. sar\u00e0 responsabile di eventuali perdite, danni o pregiudizi di qualsiasi tipo derivanti dall&#8217;accesso, dalla navigazione e dall&#8217;utilizzo del Sito, compresi, ma non solo, quelli causati ai sistemi informatici o quelli causati dall&#8217;introduzione di virus. <\/p>\n\n<p>Sonia Pe\u00f1a S.A.U. declina inoltre ogni responsabilit\u00e0 per eventuali danni causati agli utenti da un uso inappropriato di questo Sito Web. In particolare, Sonia Pe\u00f1a S.A.U. non sar\u00e0 in alcun modo responsabile di eventuali guasti, interruzioni, errori o difetti di telecomunicazione che potrebbero verificarsi. <\/p>\n\n<p><strong>IV. POLITICA DI COLLEGAMENTO <\/strong><\/p>\n\n<p>Il Sito Sonia Pe\u00f1a S.A.U. mette o pu\u00f2 mettere a disposizione degli Utenti collegamenti (quali, tra gli altri, link, banner, pulsanti), directory e motori di ricerca che consentono agli Utenti di accedere a siti web appartenenti e\/o gestiti da terzi.<\/p>\n\n<p>L&#8217;installazione di questi link, elenchi e motori di ricerca sul Sito web ha lo scopo di facilitare agli Utenti la ricerca e l&#8217;accesso alle informazioni disponibili su Internet e non pu\u00f2 essere considerata un suggerimento, una raccomandazione o un invito a visitarli.<\/p>\n\n<p>Sonia Pe\u00f1a S.A.U. non offre o commercializza, direttamente o tramite terzi, i prodotti e\/o i servizi disponibili su questi siti collegati.<\/p>\n\n<p>Sonia Pe\u00f1a S.A.U. offre contenuti sponsorizzati, annunci pubblicitari e\/o link di affiliazione. Le informazioni che appaiono in questi link affiliati o le pubblicit\u00e0 inserite sono fornite dagli stessi inserzionisti, pertanto Sonia Pe\u00f1a S.A.U. non si assume alcuna responsabilit\u00e0 per eventuali imprecisioni o errori che le pubblicit\u00e0 possono contenere, n\u00e9 garantisce in alcun modo l&#8217;esperienza, l&#8217;integrit\u00e0 o la responsabilit\u00e0 degli inserzionisti o la qualit\u00e0 dei loro prodotti e\/o servizi. <\/p>\n\n<p>Inoltre, non garantisce la disponibilit\u00e0 tecnica, l&#8217;accuratezza, la veridicit\u00e0, la validit\u00e0 o la legalit\u00e0 dei siti non di sua propriet\u00e0 a cui si pu\u00f2 accedere attraverso i link.<\/p>\n\n<p>Sonia Pe\u00f1a S.A.U. non esamina o controlla in nessun caso il contenuto di altri siti web, n\u00e9 approva, esamina o approva i prodotti e i servizi, i contenuti, i file e qualsiasi altro materiale presente nei suddetti siti collegati.<\/p>\n\n<p>Sonia Pe\u00f1a S.A.U. non si assume alcuna responsabilit\u00e0 per eventuali danni che possano derivare dall&#8217;accesso, dall&#8217;uso, dalla qualit\u00e0 o dalla legalit\u00e0 dei contenuti, delle comunicazioni, delle opinioni, dei prodotti e dei servizi di siti web non gestiti da Sonia Pe\u00f1a S.A.U. e collegati al presente Sito.<\/p>\n\n<p>Gli utenti o i terzi che creano un collegamento ipertestuale da una pagina web di un altro sito web, diverso, al Sito Sonia Pe\u00f1a S.A.U. devono essere consapevoli che:<\/p>\n\n<p>Nessuno dei Contenuti e\/o dei Servizi del Sito Web pu\u00f2 essere riprodotto, in tutto o in parte, senza l&#8217;espressa autorizzazione di Sonia Pe\u00f1a S.A.U..<\/p>\n\n<p>Non \u00e8 consentito fare dichiarazioni false, inaccurate o errate sul Sito Web di Sonia Pe\u00f1a S.A.U. o sui Contenuti e\/o Servizi dello stesso.<\/p>\n\n<p>Ad eccezione del collegamento ipertestuale, il sito web sul quale viene stabilito il collegamento ipertestuale non conterr\u00e0 alcun elemento di questo Sito protetto come propriet\u00e0 intellettuale dalla legge spagnola, salvo espressa autorizzazione di Sonia Pe\u00f1a S.A.U..<\/p>\n\n<p>La creazione del collegamento ipertestuale non implica l&#8217;esistenza di una relazione tra Sonia Pe\u00f1a S.A.U. e il proprietario del sito web da cui viene effettuato, n\u00e9 la conoscenza e l&#8217;accettazione da parte di Sonia Pe\u00f1a S.A.U. dei contenuti, dei servizi e\/o delle attivit\u00e0 offerte da tale sito web, e viceversa.<\/p>\n\n<p><strong>V. PROPRIET\u00c0 INTELLETTUALE E INDUSTRIALE<\/strong><\/p>\n\n<p>Sonia Pe\u00f1a S.A.U. stessa o in qualit\u00e0 di cessionaria, \u00e8 titolare di tutti i diritti di propriet\u00e0 intellettuale e industriale del Sito web, nonch\u00e9 degli elementi in esso contenuti (inclusi, a titolo esemplificativo ma non esaustivo, immagini, suoni, audio, video, software o testi, marchi o loghi, combinazioni di colori, struttura e design, selezione dei materiali utilizzati, programmi informatici necessari per il funzionamento, l&#8217;accesso e l&#8217;utilizzo, ecc.) Si tratta, pertanto, di opere protette come propriet\u00e0 intellettuale dall&#8217;ordinamento giuridico spagnolo, essendo ad esse applicabili sia la normativa spagnola e comunitaria in materia, sia i trattati internazionali relativi alla materia e sottoscritti dalla Spagna. <\/p>\n\n<p>Tutti i diritti riservati. Ai sensi delle disposizioni della Legge sulla Propriet\u00e0 Intellettuale, sono espressamente vietate la riproduzione, la distribuzione e la comunicazione pubblica, compresa la messa a disposizione, di tutti o parte dei contenuti di questo sito web, a fini commerciali, su qualsiasi supporto e con qualsiasi mezzo tecnico, senza l&#8217;autorizzazione di Sonia Pe\u00f1a S.A.U.. <\/p>\n\n<p>L&#8217;Utente si impegna a rispettare i diritti di propriet\u00e0 intellettuale e industriale di Sonia Pe\u00f1a S.A.U.. L&#8217;Utente pu\u00f2 visualizzare gli elementi del Sito web o anche stamparli, copiarli e memorizzarli sul disco rigido del proprio computer o su qualsiasi altro supporto fisico, purch\u00e9 ci\u00f2 avvenga esclusivamente per uso personale. L&#8217;Utente, tuttavia, non pu\u00f2 rimuovere, alterare o manipolare alcun dispositivo di protezione o sistema di sicurezza installato sul Sito.  <\/p>\n\n<p>Nel caso in cui l&#8217;Utente o una terza parte ritenga che uno qualsiasi dei Contenuti del Sito Web violi i diritti di protezione della propriet\u00e0 intellettuale, dovr\u00e0 darne immediata comunicazione a Sonia Pe\u00f1a S.A.U. utilizzando i recapiti indicati nella sezione INFORMAZIONI GENERALI del presente Avviso Legale e Condizioni Generali d&#8217;Uso.<\/p>\n\n<p><strong>VI. AZIONI LEGALI, LEGGE APPLICABILE E GIURISDIZIONE <\/strong><\/p>\n\n<p>Sonia Pe\u00f1a S.A.U. si riserva il diritto di intraprendere qualsiasi azione civile o penale che ritenga necessaria per l&#8217;uso improprio del Sito e dei suoi Contenuti, o per la violazione delle presenti Condizioni.<\/p>\n\n<p>Il rapporto tra l&#8217;Utente e Sonia Pe\u00f1a S.A.U. sar\u00e0 regolato dalle norme vigenti e applicabili nel territorio spagnolo. In caso di controversie relative all&#8217;interpretazione e\/o all&#8217;applicazione delle presenti Condizioni, le parti sottoporranno le loro controversie alla giurisdizione ordinaria delle corti e dei tribunali corrispondenti secondo la legge. <\/p>\n\t\t\t\t\t\t\t\t<\/div>\n\t\t\t\t<\/div>\n\t\t\t\t\t<\/div>\n\t\t\t\t<\/div>\n\t\t\t\t<\/div>\n\t\t","protected":false},"excerpt":{"rendered":"<p>Avviso legale AVVISO LEGALE E CONDIZIONI GENERALI DI UTILIZZO I. INFORMAZIONI GENERALI In ottemperanza all&#8217;obbligo di informazione previsto dalla Legge 34\/2002 sui Servizi della Societ\u00e0 dell&#8217;Informazione e del Commercio Elettronico (LSSI-CE) dell&#8217;11 luglio, si forniscono di seguito le informazioni generali su questo sito web: La propriet\u00e0 di questo sito web, www.soniapena.com,(d&#8217;ora in poi, Sito web) [&hellip;]<\/p>\n","protected":false},"author":1,"featured_media":0,"parent":0,"menu_order":0,"comment_status":"closed","ping_status":"closed","template":"","meta":{"_joinchat":[],"footnotes":""},"class_list":["post-8236","page","type-page","status-publish","hentry"],"_links":{"self":[{"href":"https:\/\/soniapena.com\/it\/wp-json\/wp\/v2\/pages\/8236","targetHints":{"allow":["GET"]}}],"collection":[{"href":"https:\/\/soniapena.com\/it\/wp-json\/wp\/v2\/pages"}],"about":[{"href":"https:\/\/soniapena.com\/it\/wp-json\/wp\/v2\/types\/page"}],"author":[{"embeddable":true,"href":"https:\/\/soniapena.com\/it\/wp-json\/wp\/v2\/users\/1"}],"replies":[{"embeddable":true,"href":"https:\/\/soniapena.com\/it\/wp-json\/wp\/v2\/comments?post=8236"}],"version-history":[{"count":10,"href":"https:\/\/soniapena.com\/it\/wp-json\/wp\/v2\/pages\/8236\/revisions"}],"predecessor-version":[{"id":17130,"href":"https:\/\/soniapena.com\/it\/wp-json\/wp\/v2\/pages\/8236\/revisions\/17130"}],"wp:attachment":[{"href":"https:\/\/soniapena.com\/it\/wp-json\/wp\/v2\/media?parent=8236"}],"curies":[{"name":"wp","href":"https:\/\/api.w.org\/{rel}","templated":true}]}}