{"id":17223,"date":"2025-02-03T16:02:21","date_gmt":"2025-02-03T15:02:21","guid":{"rendered":"https:\/\/soniapena.com\/a-minha-conta\/"},"modified":"2026-01-31T00:27:14","modified_gmt":"2026-01-30T23:27:14","slug":"a-minha-conta","status":"publish","type":"page","link":"https:\/\/soniapena.com\/pt-pt\/a-minha-conta\/","title":{"rendered":"A minha conta"},"content":{"rendered":"\t\t<div data-elementor-type=\"wp-page\" data-elementor-id=\"17223\" class=\"elementor elementor-17223 elementor-3014\" data-elementor-post-type=\"page\">\n\t\t\t\t<div class=\"elementor-element elementor-element-e01dc41 jedv-enabled--yes e-flex e-con-boxed e-con e-parent\" data-id=\"e01dc41\" data-element_type=\"container\" data-e-type=\"container\" data-settings=\"{&quot;background_background&quot;:&quot;classic&quot;}\">\n\t\t\t\t\t<div class=\"e-con-inner\">\n\t\t<div class=\"elementor-element elementor-element-68a0019 e-con-full e-flex e-con e-child\" data-id=\"68a0019\" data-element_type=\"container\" data-e-type=\"container\" data-settings=\"{&quot;background_background&quot;:&quot;classic&quot;}\">\n\t\t\t\t<div class=\"elementor-element elementor-element-6bb01bc elementor-widget elementor-widget-image\" data-id=\"6bb01bc\" data-element_type=\"widget\" data-e-type=\"widget\" data-widget_type=\"image.default\">\n\t\t\t\t<div class=\"elementor-widget-container\">\n\t\t\t\t\t\t\t\t\t\t\t\t\t\t\t<img decoding=\"async\" width=\"1\" height=\"1\" src=\"https:\/\/soniapena.com\/wp-content\/uploads\/2025\/03\/eye-off.svg\" class=\" attachment-medium size-medium wp-image-9838\" alt=\"\" \/>\t\t\t\t\t\t\t\t\t\t\t\t\t\t\t<\/div>\n\t\t\t\t<\/div>\n\t\t\t\t<div class=\"elementor-element elementor-element-294b945 elementor-widget elementor-widget-text-editor\" data-id=\"294b945\" data-element_type=\"widget\" data-e-type=\"widget\" data-widget_type=\"text-editor.default\">\n\t\t\t\t<div class=\"elementor-widget-container\">\n\t\t\t\t\t\t\t\t\t<p>Lamentamos, mas este conte\u00fado n\u00e3o est\u00e1 dispon\u00edvel para a tua localiza\u00e7\u00e3o.<\/p>\t\t\t\t\t\t\t\t<\/div>\n\t\t\t\t<\/div>\n\t\t\t\t<div class=\"elementor-element elementor-element-1aa8b0b elementor-align-center elementor-widget elementor-widget-button\" data-id=\"1aa8b0b\" data-element_type=\"widget\" data-e-type=\"widget\" data-widget_type=\"button.default\">\n\t\t\t\t<div class=\"elementor-widget-container\">\n\t\t\t\t\t\t\t\t\t<div class=\"elementor-button-wrapper\">\n\t\t\t\t\t<a class=\"elementor-button elementor-button-link elementor-size-sm\" href=\"https:\/\/soniapena.com\/pt-pt\/\">\n\t\t\t\t\t\t<span class=\"elementor-button-content-wrapper\">\n\t\t\t\t\t\t\t\t\t<span class=\"elementor-button-text\">Vai para a p\u00e1gina inicial<\/span>\n\t\t\t\t\t<\/span>\n\t\t\t\t\t<\/a>\n\t\t\t\t<\/div>\n\t\t\t\t\t\t\t\t<\/div>\n\t\t\t\t<\/div>\n\t\t\t\t<\/div>\n\t\t\t\t\t<\/div>\n\t\t\t\t<\/div>\n\t\t\t\t<\/div>\n\t\t","protected":false},"excerpt":{"rendered":"<p>Lamentamos, mas este conte\u00fado n\u00e3o est\u00e1 dispon\u00edvel para a tua localiza\u00e7\u00e3o. Vai para a p\u00e1gina inicial<\/p>\n","protected":false},"author":1,"featured_media":0,"parent":0,"menu_order":0,"comment_status":"closed","ping_status":"closed","template":"","meta":{"_joinchat":[],"footnotes":""},"class_list":["post-17223","page","type-page","status-publish","hentry"],"_links":{"self":[{"href":"https:\/\/soniapena.com\/pt-pt\/wp-json\/wp\/v2\/pages\/17223","targetHints":{"allow":["GET"]}}],"collection":[{"href":"https:\/\/soniapena.com\/pt-pt\/wp-json\/wp\/v2\/pages"}],"about":[{"href":"https:\/\/soniapena.com\/pt-pt\/wp-json\/wp\/v2\/types\/page"}],"author":[{"embeddable":true,"href":"https:\/\/soniapena.com\/pt-pt\/wp-json\/wp\/v2\/users\/1"}],"replies":[{"embeddable":true,"href":"https:\/\/soniapena.com\/pt-pt\/wp-json\/wp\/v2\/comments?post=17223"}],"version-history":[{"count":1,"href":"https:\/\/soniapena.com\/pt-pt\/wp-json\/wp\/v2\/pages\/17223\/revisions"}],"predecessor-version":[{"id":17225,"href":"https:\/\/soniapena.com\/pt-pt\/wp-json\/wp\/v2\/pages\/17223\/revisions\/17225"}],"wp:attachment":[{"href":"https:\/\/soniapena.com\/pt-pt\/wp-json\/wp\/v2\/media?parent=17223"}],"curies":[{"name":"wp","href":"https:\/\/api.w.org\/{rel}","templated":true}]}}