{"id":7811,"date":"2025-01-29T13:44:38","date_gmt":"2025-01-29T12:44:38","guid":{"rendered":"https:\/\/lucid-fermi.217-18-163-79.plesk.page\/envios-e-devolucoes\/"},"modified":"2026-04-23T12:50:22","modified_gmt":"2026-04-23T10:50:22","slug":"envios-e-devolucoes","status":"publish","type":"page","link":"https:\/\/soniapena.com\/pt-pt\/envios-e-devolucoes\/","title":{"rendered":"Envios e devolu\u00e7\u00f5es"},"content":{"rendered":"\t\t<div data-elementor-type=\"wp-page\" data-elementor-id=\"7811\" class=\"elementor elementor-7811 elementor-1153\" data-elementor-post-type=\"page\">\n\t\t\t\t<div class=\"elementor-element elementor-element-a1f8c86 e-flex e-con-boxed e-con e-parent\" data-id=\"a1f8c86\" data-element_type=\"container\" data-e-type=\"container\">\n\t\t\t\t\t<div class=\"e-con-inner\">\n\t\t\t\t<div class=\"elementor-element elementor-element-78eff7c elementor-widget elementor-widget-heading\" data-id=\"78eff7c\" data-element_type=\"widget\" data-e-type=\"widget\" data-widget_type=\"heading.default\">\n\t\t\t\t<div class=\"elementor-widget-container\">\n\t\t\t\t\t<h2 class=\"elementor-heading-title elementor-size-default\">Envios e devolu\u00e7\u00f5es<\/h2>\t\t\t\t<\/div>\n\t\t\t\t<\/div>\n\t\t\t\t<div class=\"elementor-element elementor-element-ac9356e elementor-widget elementor-widget-text-editor\" data-id=\"ac9356e\" data-element_type=\"widget\" data-e-type=\"widget\" data-widget_type=\"text-editor.default\">\n\t\t\t\t<div class=\"elementor-widget-container\">\n\t\t\t\t\t\t\t\t\t<p><strong>Envio<\/strong><\/p><p>Uma vez efectuada a encomenda, o prazo de entrega no endere\u00e7o solicitado \u00e9 de <b>1 a 3 dias \u00fateis em Espanha continental e nas Ilhas Baleares.<\/b> <\/p><p>*Os prazos de entrega podem variar consoante os per\u00edodos festivos, como o Natal, a P\u00e1scoa ou a Black Friday.<\/p><p>O envio \u00e9 gratuito para a <strong>Pen\u00ednsula Ib\u00e9rica e as Ilhas Baleares<\/strong>. N\u00e3o fazemos envios para as Ilhas Can\u00e1rias, Ceuta e Melilla, mas se viveres em qualquer um destes territ\u00f3rios, podes contactar info@soniapena.com e podemos avaliar as op\u00e7\u00f5es de envio para estes casos.<\/p><p><b>Devolu\u00e7\u00f5es e trocas<\/b><\/p><p>Depois de receberes a tua encomenda, disp\u00f5es de <b>15 dias de calend\u00e1rio para efetuar trocas ou devolu\u00e7\u00f5es<\/b>. \u00c9 permitida a troca de um \u00fanico tamanho sem custos de envio adicionais. Se for necess\u00e1ria uma segunda ou mais trocas, ser\u00e1 cobrado um novo custo de envio de 6 euros na pen\u00ednsula e de 9 euros se viveres nas Ilhas Baleares.  <\/p><p>S\u00f3 aceitamos a troca ou o reembolso do montante pago, desde que os artigos sejam devolvidos no mesmo estado em que foram vendidos, na sua embalagem original e sem sinais de utiliza\u00e7\u00e3o. Ap\u00f3s as verifica\u00e7\u00f5es necess\u00e1rias e a confirma\u00e7\u00e3o do bom estado do produto, procederemos ao reembolso da tua encomenda. <\/p><p>Se, por outro lado, a encomenda estiver atrasada, danificada, incompleta ou apresentar sinais de utiliza\u00e7\u00e3o, n\u00e3o ser\u00e1 aceite qualquer reembolso ou troca de qualquer artigo que tenha sido adulterado ou modificado a pedido do cliente.  <\/p><p>Se quiseres pedir uma troca ou um reembolso, preenche o formul\u00e1rio abaixo:<\/p>\t\t\t\t\t\t\t\t<\/div>\n\t\t\t\t<\/div>\n\t\t\t\t<div class=\"elementor-element elementor-element-d3cc820 elementor-widget elementor-widget-button\" data-id=\"d3cc820\" data-element_type=\"widget\" data-e-type=\"widget\" data-widget_type=\"button.default\">\n\t\t\t\t<div class=\"elementor-widget-container\">\n\t\t\t\t\t\t\t\t\t<div class=\"elementor-button-wrapper\">\n\t\t\t\t\t<a class=\"elementor-button elementor-button-link elementor-size-sm\" href=\"#elementor-action%3Aaction%3Dpopup%3Aopen%26settings%3DeyJpZCI6ODM0MiwidG9nZ2xlIjpmYWxzZX0%3D\">\n\t\t\t\t\t\t<span class=\"elementor-button-content-wrapper\">\n\t\t\t\t\t\t\t\t\t<span class=\"elementor-button-text\">Solicita a troca ou o reembolso<\/span>\n\t\t\t\t\t<\/span>\n\t\t\t\t\t<\/a>\n\t\t\t\t<\/div>\n\t\t\t\t\t\t\t\t<\/div>\n\t\t\t\t<\/div>\n\t\t\t\t\t<\/div>\n\t\t\t\t<\/div>\n\t\t\t\t<\/div>\n\t\t","protected":false},"excerpt":{"rendered":"<p>Envios e devolu\u00e7\u00f5es Envio Uma vez efectuada a encomenda, o prazo de entrega no endere\u00e7o solicitado \u00e9 de 1 a 3 dias \u00fateis em Espanha continental e nas Ilhas Baleares. *Os prazos de entrega podem variar consoante os per\u00edodos festivos, como o Natal, a P\u00e1scoa ou a Black Friday. O envio \u00e9 gratuito para a [&hellip;]<\/p>\n","protected":false},"author":1,"featured_media":0,"parent":0,"menu_order":0,"comment_status":"closed","ping_status":"closed","template":"","meta":{"_joinchat":[],"footnotes":""},"class_list":["post-7811","page","type-page","status-publish","hentry"],"_links":{"self":[{"href":"https:\/\/soniapena.com\/pt-pt\/wp-json\/wp\/v2\/pages\/7811","targetHints":{"allow":["GET"]}}],"collection":[{"href":"https:\/\/soniapena.com\/pt-pt\/wp-json\/wp\/v2\/pages"}],"about":[{"href":"https:\/\/soniapena.com\/pt-pt\/wp-json\/wp\/v2\/types\/page"}],"author":[{"embeddable":true,"href":"https:\/\/soniapena.com\/pt-pt\/wp-json\/wp\/v2\/users\/1"}],"replies":[{"embeddable":true,"href":"https:\/\/soniapena.com\/pt-pt\/wp-json\/wp\/v2\/comments?post=7811"}],"version-history":[{"count":4,"href":"https:\/\/soniapena.com\/pt-pt\/wp-json\/wp\/v2\/pages\/7811\/revisions"}],"predecessor-version":[{"id":20512,"href":"https:\/\/soniapena.com\/pt-pt\/wp-json\/wp\/v2\/pages\/7811\/revisions\/20512"}],"wp:attachment":[{"href":"https:\/\/soniapena.com\/pt-pt\/wp-json\/wp\/v2\/media?parent=7811"}],"curies":[{"name":"wp","href":"https:\/\/api.w.org\/{rel}","templated":true}]}}