{"id":8169,"date":"2025-01-29T14:49:26","date_gmt":"2025-01-29T13:49:26","guid":{"rendered":"https:\/\/lucid-fermi.217-18-163-79.plesk.page\/politica-de-cookies\/"},"modified":"2026-01-31T00:26:48","modified_gmt":"2026-01-30T23:26:48","slug":"politica-de-cookies","status":"publish","type":"page","link":"https:\/\/soniapena.com\/pt-pt\/politica-de-cookies\/","title":{"rendered":"Pol\u00edtica de cookies"},"content":{"rendered":"\t\t<div data-elementor-type=\"wp-page\" data-elementor-id=\"8169\" class=\"elementor elementor-8169 elementor-1165\" data-elementor-post-type=\"page\">\n\t\t\t\t<div class=\"elementor-element elementor-element-0566fe8 e-flex e-con-boxed e-con e-parent\" data-id=\"0566fe8\" data-element_type=\"container\" data-e-type=\"container\">\n\t\t\t\t\t<div class=\"e-con-inner\">\n\t\t\t\t<div class=\"elementor-element elementor-element-222c239 elementor-widget elementor-widget-heading\" data-id=\"222c239\" data-element_type=\"widget\" data-e-type=\"widget\" data-widget_type=\"heading.default\">\n\t\t\t\t<div class=\"elementor-widget-container\">\n\t\t\t\t\t<h1 class=\"elementor-heading-title elementor-size-default\">Pol\u00edtica de cookies<\/h1>\t\t\t\t<\/div>\n\t\t\t\t<\/div>\n\t\t\t\t\t<\/div>\n\t\t\t\t<\/div>\n\t\t<div class=\"elementor-element elementor-element-31e61c62 e-flex e-con-boxed e-con e-parent\" data-id=\"31e61c62\" data-element_type=\"container\" data-e-type=\"container\">\n\t\t\t\t\t<div class=\"e-con-inner\">\n\t\t\t\t<div class=\"elementor-element elementor-element-3714f161 elementor-widget elementor-widget-text-editor\" data-id=\"3714f161\" data-element_type=\"widget\" data-e-type=\"widget\" data-widget_type=\"text-editor.default\">\n\t\t\t\t<div class=\"elementor-widget-container\">\n\t\t\t\t\t\t\t\t\t\n<p>O acesso a este site pode implicar a utiliza\u00e7\u00e3o de cookies. Os cookies s\u00e3o pequenas quantidades de informa\u00e7\u00e3o que s\u00e3o armazenadas no browser utilizado por cada Utilizador &#8211; nos diferentes dispositivos que podem ser utilizados para navegar &#8211; para que o servidor se lembre de determinadas informa\u00e7\u00f5es que ser\u00e3o posteriormente lidas apenas pelo servidor que as implementou. Os cookies tornam a navega\u00e7\u00e3o mais f\u00e1cil, mais amig\u00e1vel e n\u00e3o danificam o dispositivo de navega\u00e7\u00e3o.  <\/p>\n\n<p>Os cookies s\u00e3o procedimentos autom\u00e1ticos de recolha de informa\u00e7\u00f5es relativas \u00e0s prefer\u00eancias determinadas pelo Utilizador durante a sua visita ao S\u00edtio Web, a fim de o reconhecer como Utilizador e de personalizar a sua experi\u00eancia e utiliza\u00e7\u00e3o do S\u00edtio Web, podendo tamb\u00e9m, por exemplo, ajudar a identificar e resolver erros.<\/p>\n\n<p>As informa\u00e7\u00f5es recolhidas atrav\u00e9s dos cookies podem incluir a data e a hora das visitas ao s\u00edtio Web, as p\u00e1ginas visualizadas, o tempo passado no s\u00edtio Web e os s\u00edtios visitados imediatamente antes e depois do s\u00edtio Web. No entanto, nenhum cookie permite contactar o n\u00famero de telefone do Utilizador ou qualquer outro meio de contacto pessoal. Nenhum cookie pode extrair informa\u00e7\u00f5es do disco r\u00edgido do Utilizador ou roubar informa\u00e7\u00f5es pessoais. A \u00fanica forma de as informa\u00e7\u00f5es privadas do Utilizador fazerem parte do ficheiro Cookie \u00e9 o Utilizador fornecer pessoalmente essas informa\u00e7\u00f5es ao servidor.   <\/p>\n\n<p>Os cookies que permitem a identifica\u00e7\u00e3o de uma pessoa s\u00e3o considerados dados pessoais. Por conseguinte, a Pol\u00edtica de Privacidade acima mencionada aplica-se a eles. A este respeito, a utiliza\u00e7\u00e3o de cookies requer o consentimento do Utilizador. Este consentimento ser\u00e1 comunicado, com base numa escolha genu\u00edna, oferecida atrav\u00e9s de uma decis\u00e3o afirmativa e positiva, antes do processamento inicial, remov\u00edvel e documentada.   <\/p>\n\n<p><strong>Bolachas pr\u00f3prias<\/strong><\/p>\n\n<p>Trata-se de cookies que s\u00e3o enviados para o computador ou dispositivo do Utilizador e geridos exclusivamente por <strong>Sonia Pe\u00f1a S.A.U.<\/strong> para o melhor funcionamento do S\u00edtio Web. A informa\u00e7\u00e3o recolhida \u00e9 utilizada para melhorar a qualidade do Site e dos seus Conte\u00fados e a tua experi\u00eancia como Utilizador. Estes cookies permitem reconhecer o Utilizador como visitante recorrente do S\u00edtio Web e adaptar o conte\u00fado para lhe oferecer conte\u00fados que se ajustem \u00e0s suas prefer\u00eancias.  <\/p>\n\n<p><strong>Cookies de terceiros<\/strong><\/p>\n\n<p>Estes cookies s\u00e3o utilizados e geridos por entidades externas que prestam \u00e0 <strong>Sonia Pe\u00f1a S.A.U.<\/strong> servi\u00e7os solicitados por esta para melhorar o S\u00edtio Web e a experi\u00eancia do Utilizador ao navegar no S\u00edtio Web. As principais finalidades para as quais s\u00e3o utilizados os cookies de terceiros s\u00e3o a obten\u00e7\u00e3o de estat\u00edsticas de acesso e a an\u00e1lise da informa\u00e7\u00e3o de navega\u00e7\u00e3o, ou seja, a forma como o Utilizador interage com o Site. <\/p>\n\n<p>As informa\u00e7\u00f5es obtidas referem-se, por exemplo, ao n\u00famero de p\u00e1ginas visitadas, ao idioma, ao local onde se encontra o endere\u00e7o IP a partir do qual o Utilizador acede, ao n\u00famero de Utilizadores que acedem, \u00e0 frequ\u00eancia e recorr\u00eancia das visitas, \u00e0 hora da visita, ao navegador utilizado, ao operador ou ao tipo de dispositivo a partir do qual a visita \u00e9 efectuada. Estas informa\u00e7\u00f5es s\u00e3o utilizadas para melhorar o Site e detetar novas necessidades, a fim de oferecer aos Utilizadores um Conte\u00fado e\/ou servi\u00e7o de qualidade \u00f3ptima. Em qualquer caso, as informa\u00e7\u00f5es s\u00e3o recolhidas de forma an\u00f3nima e s\u00e3o elaborados relat\u00f3rios sobre as tend\u00eancias do s\u00edtio Web sem identificar os utilizadores individuais.  <\/p>\n\n<p>Podes obter mais informa\u00e7\u00f5es sobre cookies, informa\u00e7\u00f5es sobre privacidade ou consultar a descri\u00e7\u00e3o do tipo de cookies utilizados, as suas principais carater\u00edsticas, per\u00edodo de validade, etc. na(s) seguinte(s) liga\u00e7\u00e3o(\u00f5es): Google Analytics: https:\/\/developers.google.com\/analytics<\/p>\n\n<p>A(s) entidade(s) respons\u00e1vel(eis) pelo fornecimento de cookies pode(m) transferir esta informa\u00e7\u00e3o para terceiros, quando exigido por lei ou quando um terceiro processa esta informa\u00e7\u00e3o para estas entidades.<\/p>\n\n<p><strong>Desativar, rejeitar e apagar cookies<\/strong><\/p>\n\n<p>O Utilizador pode desativar, recusar e apagar os cookies &#8211; no todo ou em parte &#8211; instalados no seu dispositivo, configurando o seu navegador (incluindo, por exemplo, Chrome, Firefox, Safari, Explorer). A este respeito, os procedimentos de rejei\u00e7\u00e3o e elimina\u00e7\u00e3o de cookies podem diferir de um navegador de Internet para outro. Por conseguinte, o Utilizador deve seguir as instru\u00e7\u00f5es fornecidas pelo navegador de Internet que est\u00e1 a utilizar. No caso de rejeitares a utiliza\u00e7\u00e3o de cookies &#8211; total ou parcialmente &#8211; podes continuar a utilizar o S\u00edtio Web, embora a utiliza\u00e7\u00e3o de algumas das suas funcionalidades possa ser limitada.   <\/p>\n\t\t\t\t\t\t\t\t<\/div>\n\t\t\t\t<\/div>\n\t\t\t\t\t<\/div>\n\t\t\t\t<\/div>\n\t\t\t\t<\/div>\n\t\t","protected":false},"excerpt":{"rendered":"<p>Pol\u00edtica de cookies O acesso a este site pode implicar a utiliza\u00e7\u00e3o de cookies. Os cookies s\u00e3o pequenas quantidades de informa\u00e7\u00e3o que s\u00e3o armazenadas no browser utilizado por cada Utilizador &#8211; nos diferentes dispositivos que podem ser utilizados para navegar &#8211; para que o servidor se lembre de determinadas informa\u00e7\u00f5es que ser\u00e3o posteriormente lidas apenas [&hellip;]<\/p>\n","protected":false},"author":1,"featured_media":0,"parent":0,"menu_order":0,"comment_status":"closed","ping_status":"closed","template":"","meta":{"_joinchat":[],"footnotes":""},"class_list":["post-8169","page","type-page","status-publish","hentry"],"_links":{"self":[{"href":"https:\/\/soniapena.com\/pt-pt\/wp-json\/wp\/v2\/pages\/8169","targetHints":{"allow":["GET"]}}],"collection":[{"href":"https:\/\/soniapena.com\/pt-pt\/wp-json\/wp\/v2\/pages"}],"about":[{"href":"https:\/\/soniapena.com\/pt-pt\/wp-json\/wp\/v2\/types\/page"}],"author":[{"embeddable":true,"href":"https:\/\/soniapena.com\/pt-pt\/wp-json\/wp\/v2\/users\/1"}],"replies":[{"embeddable":true,"href":"https:\/\/soniapena.com\/pt-pt\/wp-json\/wp\/v2\/comments?post=8169"}],"version-history":[{"count":12,"href":"https:\/\/soniapena.com\/pt-pt\/wp-json\/wp\/v2\/pages\/8169\/revisions"}],"predecessor-version":[{"id":17170,"href":"https:\/\/soniapena.com\/pt-pt\/wp-json\/wp\/v2\/pages\/8169\/revisions\/17170"}],"wp:attachment":[{"href":"https:\/\/soniapena.com\/pt-pt\/wp-json\/wp\/v2\/media?parent=8169"}],"curies":[{"name":"wp","href":"https:\/\/api.w.org\/{rel}","templated":true}]}}