{"id":15206,"date":"2026-01-19T11:45:00","date_gmt":"2026-01-19T10:45:00","guid":{"rendered":"https:\/\/soniapena.com\/?post_type=product&#038;p=15206"},"modified":"2026-04-15T08:51:49","modified_gmt":"2026-04-15T06:51:49","slug":"1260022","status":"publish","type":"product","link":"https:\/\/soniapena.com\/pt-pt\/producto\/1260022\/","title":{"rendered":"1260022"},"content":{"rendered":"<p>Conjunto de top y pantal\u00f3n en crep confort. top con escote barco, peplum asim\u00e9trico y cintur\u00f3n con hebilla, con pantal\u00f3n recto .<\/p>\n","protected":false},"excerpt":{"rendered":"<p>BUSTIER\/CINTURON + PANTALON + CHAL<\/p>\n","protected":false},"featured_media":15441,"template":"","meta":{"_joinchat":[]},"product_brand":[266],"product_cat":[277],"product_tag":[],"plantilla-producto":[299],"class_list":{"0":"post-15206","1":"product","2":"type-product","3":"status-publish","4":"has-post-thumbnail","6":"product_brand-casablanca","7":"product_cat-conjunto-pantalon-casablanca","8":"plantilla-producto-casablanca-colores","10":"first","11":"instock","12":"purchasable","13":"product-type-variable"},"_links":{"self":[{"href":"https:\/\/soniapena.com\/pt-pt\/wp-json\/wp\/v2\/product\/15206","targetHints":{"allow":["GET"]}}],"collection":[{"href":"https:\/\/soniapena.com\/pt-pt\/wp-json\/wp\/v2\/product"}],"about":[{"href":"https:\/\/soniapena.com\/pt-pt\/wp-json\/wp\/v2\/types\/product"}],"wp:featuredmedia":[{"embeddable":true,"href":"https:\/\/soniapena.com\/pt-pt\/wp-json\/wp\/v2\/media\/15441"}],"wp:attachment":[{"href":"https:\/\/soniapena.com\/pt-pt\/wp-json\/wp\/v2\/media?parent=15206"}],"wp:term":[{"taxonomy":"product_brand","embeddable":true,"href":"https:\/\/soniapena.com\/pt-pt\/wp-json\/wp\/v2\/product_brand?post=15206"},{"taxonomy":"product_cat","embeddable":true,"href":"https:\/\/soniapena.com\/pt-pt\/wp-json\/wp\/v2\/product_cat?post=15206"},{"taxonomy":"product_tag","embeddable":true,"href":"https:\/\/soniapena.com\/pt-pt\/wp-json\/wp\/v2\/product_tag?post=15206"},{"taxonomy":"plantilla-producto","embeddable":true,"href":"https:\/\/soniapena.com\/pt-pt\/wp-json\/wp\/v2\/plantilla-producto?post=15206"}],"curies":[{"name":"wp","href":"https:\/\/api.w.org\/{rel}","templated":true}]}}