{"id":15318,"date":"2026-01-19T12:03:06","date_gmt":"2026-01-19T11:03:06","guid":{"rendered":"https:\/\/soniapena.com\/?post_type=product&#038;p=15318"},"modified":"2026-04-18T10:10:37","modified_gmt":"2026-04-18T08:10:37","slug":"1260058","status":"publish","type":"product","link":"https:\/\/soniapena.com\/pt-pt\/producto\/1260058\/","title":{"rendered":"1260058"},"content":{"rendered":"<p>Conjunto de caft\u00e1n y pantal\u00f3n en crep confort. Caft\u00e1n escote cruzado, cintura marcada ,mangas amplias con aberturas y pantal\u00f3n es recto<\/p>\n","protected":false},"excerpt":{"rendered":"<p>CAFTAN\/CINTURON + PANTALON<\/p>\n","protected":false},"featured_media":15454,"template":"","meta":{"_joinchat":[]},"product_brand":[266],"product_cat":[275],"product_tag":[],"plantilla-producto":[299],"class_list":{"0":"post-15318","1":"product","2":"type-product","3":"status-publish","4":"has-post-thumbnail","6":"product_brand-casablanca","7":"product_cat-vestido-midi-manga-larga-casablanca","8":"plantilla-producto-casablanca-colores","10":"first","11":"instock","12":"purchasable","13":"product-type-variable"},"_links":{"self":[{"href":"https:\/\/soniapena.com\/pt-pt\/wp-json\/wp\/v2\/product\/15318","targetHints":{"allow":["GET"]}}],"collection":[{"href":"https:\/\/soniapena.com\/pt-pt\/wp-json\/wp\/v2\/product"}],"about":[{"href":"https:\/\/soniapena.com\/pt-pt\/wp-json\/wp\/v2\/types\/product"}],"wp:featuredmedia":[{"embeddable":true,"href":"https:\/\/soniapena.com\/pt-pt\/wp-json\/wp\/v2\/media\/15454"}],"wp:attachment":[{"href":"https:\/\/soniapena.com\/pt-pt\/wp-json\/wp\/v2\/media?parent=15318"}],"wp:term":[{"taxonomy":"product_brand","embeddable":true,"href":"https:\/\/soniapena.com\/pt-pt\/wp-json\/wp\/v2\/product_brand?post=15318"},{"taxonomy":"product_cat","embeddable":true,"href":"https:\/\/soniapena.com\/pt-pt\/wp-json\/wp\/v2\/product_cat?post=15318"},{"taxonomy":"product_tag","embeddable":true,"href":"https:\/\/soniapena.com\/pt-pt\/wp-json\/wp\/v2\/product_tag?post=15318"},{"taxonomy":"plantilla-producto","embeddable":true,"href":"https:\/\/soniapena.com\/pt-pt\/wp-json\/wp\/v2\/plantilla-producto?post=15318"}],"curies":[{"name":"wp","href":"https:\/\/api.w.org\/{rel}","templated":true}]}}